{"id":3,"date":"2025-01-15T13:30:14","date_gmt":"2025-01-15T12:30:14","guid":{"rendered":"https:\/\/minders.io\/?page_id=3"},"modified":"2025-03-10T11:13:52","modified_gmt":"2025-03-10T10:13:52","slug":"privacy-policy","status":"publish","type":"page","link":"https:\/\/minders.io\/es\/privacy-policy\/","title":{"rendered":"Privacy Policy"},"content":{"rendered":"[et_pb_section fb_built=\u00bb1&#8243; _builder_version=\u00bb4.25.1&#8243; hover_enabled=\u00bb0&#8243; global_colors_info=\u00bb{}\u00bb module_class=\u00bbc-legal o-bg-blanco js-header-white&#8211;set\u00bb sticky_enabled=\u00bb0&#8243; admin_label=\u00bbc-legal\u00bb][et_pb_row _builder_version=\u00bb4.25.1&#8243; background_size=\u00bbinitial\u00bb background_position=\u00bbtop_left\u00bb background_repeat=\u00bbrepeat\u00bb hover_enabled=\u00bb0&#8243; global_colors_info=\u00bb{}\u00bb admin_label=\u00bbc-legal__row\u00bb module_class=\u00bbc-legal__row\u00bb sticky_enabled=\u00bb0&#8243;][et_pb_column type=\u00bb4_4&#8243; _builder_version=\u00bb4.25.1&#8243; custom_padding=\u00bb|||\u00bb hover_enabled=\u00bb0&#8243; global_colors_info=\u00bb{}\u00bb custom_padding__hover=\u00bb|||\u00bb admin_label=\u00bbc-legal__col\u00bb module_class=\u00bbc-legal__col\u00bb sticky_enabled=\u00bb0&#8243;][et_pb_heading _builder_version=\u00bb4.25.1&#8243; _module_preset=\u00bbdefault\u00bb hover_enabled=\u00bb0&#8243; sticky_enabled=\u00bb0&#8243; title=\u00bb@ET-DC@eyJkeW5hbWljIjp0cnVlLCJjb250ZW50IjoicG9zdF90aXRsZSIsInNldHRpbmdzIjp7ImJlZm9yZSI6IiIsImFmdGVyIjoiIn19@\u00bb _dynamic_attributes=\u00bbtitle\u00bb module_class=\u00bbc-legal__title o-font-h1 o-color-negro\u00bb][\/et_pb_heading][et_pb_text _builder_version=\u00bb4.25.1&#8243; background_size=\u00bbinitial\u00bb background_position=\u00bbtop_left\u00bb background_repeat=\u00bbrepeat\u00bb hover_enabled=\u00bb0&#8243; global_colors_info=\u00bb{}\u00bb sticky_enabled=\u00bb0&#8243; module_class=\u00bbc-legal__content s-post-content o-color-negro\u00bb admin_label=\u00bbc-legal__content\u00bb]<p><\/p>\n<h4 class=\"c-title-5 wp-block-heading\">1. Introduction<\/h4>\n<p class=\"c-text-1\">Last updated February 06, 2024.<\/p>\n<p class=\"c-text-1\">Endelary S.A. (doing business as Minders) (<strong>\u00abMinders\u00bb, \u00abwe\u00bb,\u00a0<\/strong>or<strong>\u00a0\u00abus\u00bb<\/strong>) is a Growth and Data Analytics consulting firm that help companies to scale digital products. Minders respects the privacy of individuals and is committed to protecting the information of visitors to the website (\u00ab<strong>Visitors<\/strong>\u00ab) and individuals or entities that register to use our products and services (\u00ab<strong>Customers<\/strong>\u00ab).<\/p>\n<p>This privacy notice describes how and why we might collect, store, use, and\/or share (\u00ab<strong>process<\/strong>\u00ab) your information when you use our services (\u00ab<strong>Services<\/strong>\u00ab), or interact with us.<\/p>\n<p>&nbsp;<\/p>\n<h4 class=\"c-title-6\">2. Information We Collect<\/h4>\n<p class=\"c-title-6\"><strong>2.1. Personal Information:<\/strong><br \/>We collect information you provide to us which includes your name, email address, postal address, phone number, and any other information you choose to provide.<\/p>\n<p><strong>2.2. Usage Data and Cookies:<br \/><\/strong>When you visit our Service, we automatically collect certain information, including your IP address, browser type, operating system, referring URLs, and usage data. We may use cookies and similar technologies to collect this information.<\/p>\n<h4 class=\"c-title-6\">3. Use of Information<\/h4>\n<p class=\"c-text-1\">We use the information we collect to:<br \/>&#8211; Provide, maintain, and improve our Services;<br \/>&#8211; Communicate with you, including responding to your inquiries and providing customer support;<br \/>&#8211; Send you technical notices, updates, security alerts, and support and administrative messages;<br \/>&#8211; Comply with our legal obligations.<\/p>\n<p class=\"c-text-1\">\u200d<\/p>\n<h4 class=\"c-title-6\">4. Sharing of Information<\/h4>\n<p class=\"c-text-1\">We do not sell your personal information. We may share your information with third parties in the following circumstances:<br \/>&#8211; With vendors, consultants, and other service providers who need access to such information to carry out work on our behalf;<br \/>&#8211; In response to a request for information if we believe disclosure is in accordance with, or required by, any applicable law or legal process;<br \/>&#8211; With your consent or at your direction.<\/p>\n<div class=\"c-text-1\">\n<p>\u200d<\/p>\n<h4 class=\"c-title-6\">5. Security<\/h4>\n<p class=\"c-text-1\">We take reasonable measures to help protect information about you from loss, theft, misuse, and unauthorized access, disclosure, alteration, and destruction.<\/p>\n<\/div>\n<div class=\"c-text-1\">\n<p>\u200d<\/p>\n<h4 class=\"c-title-6\">6. Contact Us<\/h4>\n<p class=\"c-text-1\">If you have any questions about this Privacy Policy, please contact us at:<br \/>Endelary S.A.<br \/>Avda. Sarmiento 2332, apto 1202<br \/>Montevideo, Montevideo,<br \/>Uruguay 11300<br \/>Email: legal@productminds.io<\/p>\n<p><\/p>\n<\/div>[\/et_pb_text][\/et_pb_column][\/et_pb_row][\/et_pb_section]","protected":false},"excerpt":{"rendered":"<p>1. Introduction Last updated February 06, 2024. Endelary S.A. (doing business as Minders) (\u00abMinders\u00bb, \u00abwe\u00bb,\u00a0or\u00a0\u00abus\u00bb) is a Growth and Data Analytics consulting firm that help companies to scale digital products. Minders respects the privacy of individuals and is committed to protecting the information of visitors to the website (\u00abVisitors\u00bb) and individuals or entities that register [&hellip;]<\/p>\n","protected":false},"author":1,"featured_media":0,"parent":0,"menu_order":0,"comment_status":"closed","ping_status":"open","template":"","meta":{"_acf_changed":false,"_et_pb_use_builder":"on","_et_pb_old_content":"<!-- wp:heading -->\r\n<h2 class=\"wp-block-heading\">Qui\u00e9nes somos<\/h2>\r\n<!-- \/wp:heading --><!-- wp:paragraph -->\r\n<p><strong class=\"privacy-policy-tutorial\">Texto sugerido: <\/strong>La direcci\u00f3n de nuestra web es: https:\/\/minders.io.<\/p>\r\n<!-- \/wp:paragraph --><!-- wp:heading -->\r\n<h2 class=\"wp-block-heading\">Comentarios<\/h2>\r\n<!-- \/wp:heading --><!-- wp:paragraph -->\r\n<p><strong class=\"privacy-policy-tutorial\">Texto sugerido: <\/strong>Cuando los visitantes dejan comentarios en la web, recopilamos los datos que se muestran en el formulario de comentarios, as\u00ed como la direcci\u00f3n IP del visitante y la cadena de agentes de usuario del navegador para ayudar a la detecci\u00f3n de spam.<\/p>\r\n<!-- \/wp:paragraph --><!-- wp:paragraph -->\r\n<p>Una cadena an\u00f3nima creada a partir de tu direcci\u00f3n de correo electr\u00f3nico (tambi\u00e9n llamada hash) puede ser proporcionada al servicio de Gravatar para ver si la est\u00e1s usando. La pol\u00edtica de privacidad del servicio Gravatar est\u00e1 disponible aqu\u00ed: https:\/\/automattic.com\/privacy\/. Despu\u00e9s de la aprobaci\u00f3n de tu comentario, la imagen de tu perfil es visible para el p\u00fablico en el contexto de tu comentario.<\/p>\r\n<!-- \/wp:paragraph --><!-- wp:heading -->\r\n<h2 class=\"wp-block-heading\">Medios<\/h2>\r\n<!-- \/wp:heading --><!-- wp:paragraph -->\r\n<p><strong class=\"privacy-policy-tutorial\">Texto sugerido: <\/strong>Si subes im\u00e1genes a la web, deber\u00edas evitar subir im\u00e1genes con datos de ubicaci\u00f3n (GPS EXIF) incluidos. Los visitantes de la web pueden descargar y extraer cualquier dato de ubicaci\u00f3n de las im\u00e1genes de la web.<\/p>\r\n<!-- \/wp:paragraph --><!-- wp:heading -->\r\n<h2 class=\"wp-block-heading\">Cookies<\/h2>\r\n<!-- \/wp:heading --><!-- wp:paragraph -->\r\n<p><strong class=\"privacy-policy-tutorial\">Texto sugerido: <\/strong>Si dejas un comentario en nuestro sitio puedes elegir guardar tu nombre, direcci\u00f3n de correo electr\u00f3nico y web en cookies. Esto es para tu comodidad, para que no tengas que volver a rellenar tus datos cuando dejes otro comentario. Estas cookies tendr\u00e1n una duraci\u00f3n de un a\u00f1o.<\/p>\r\n<!-- \/wp:paragraph --><!-- wp:paragraph -->\r\n<p>Si tienes una cuenta y te conectas a este sitio, instalaremos una cookie temporal para determinar si tu navegador acepta cookies. Esta cookie no contiene datos personales y se elimina al cerrar el navegador.<\/p>\r\n<!-- \/wp:paragraph --><!-- wp:paragraph -->\r\n<p>Cuando accedas, tambi\u00e9n instalaremos varias cookies para guardar tu informaci\u00f3n de acceso y tus opciones de visualizaci\u00f3n de pantalla. Las cookies de acceso duran dos d\u00edas, y las cookies de opciones de pantalla duran un a\u00f1o. Si seleccionas \u00abRecu\u00e9rdarme\u00bb, tu acceso perdurar\u00e1 durante dos semanas. Si sales de tu cuenta, las cookies de acceso se eliminar\u00e1n.<\/p>\r\n<!-- \/wp:paragraph --><!-- wp:paragraph -->\r\n<p>Si editas o publicas un art\u00edculo se guardar\u00e1 una cookie adicional en tu navegador. Esta cookie no incluye datos personales y simplemente indica el ID del art\u00edculo que acabas de editar. Caduca despu\u00e9s de 1 d\u00eda.<\/p>\r\n<!-- \/wp:paragraph --><!-- wp:heading -->\r\n<h2 class=\"wp-block-heading\">Contenido incrustado de otros sitios web<\/h2>\r\n<!-- \/wp:heading --><!-- wp:paragraph -->\r\n<p><strong class=\"privacy-policy-tutorial\">Texto sugerido: <\/strong>Los art\u00edculos de este sitio pueden incluir contenido incrustado (por ejemplo, v\u00eddeos, im\u00e1genes, art\u00edculos, etc.). El contenido incrustado de otras webs se comporta exactamente de la misma manera que si el visitante hubiera visitado la otra web.<\/p>\r\n<!-- \/wp:paragraph --><!-- wp:paragraph -->\r\n<p>Estas web pueden recopilar datos sobre ti, utilizar cookies, incrustar un seguimiento adicional de terceros, y supervisar tu interacci\u00f3n con ese contenido incrustado, incluido el seguimiento de tu interacci\u00f3n con el contenido incrustado si tienes una cuenta y est\u00e1s conectado a esa web.<\/p>\r\n<!-- \/wp:paragraph --><!-- wp:heading -->\r\n<h2 class=\"wp-block-heading\">Con qui\u00e9n compartimos tus datos<\/h2>\r\n<!-- \/wp:heading --><!-- wp:paragraph -->\r\n<p><strong class=\"privacy-policy-tutorial\">Texto sugerido: <\/strong>Si solicitas un restablecimiento de contrase\u00f1a, tu direcci\u00f3n IP ser\u00e1 incluida en el correo electr\u00f3nico de restablecimiento.<\/p>\r\n<!-- \/wp:paragraph --><!-- wp:heading -->\r\n<h2 class=\"wp-block-heading\">Cu\u00e1nto tiempo conservamos tus datos<\/h2>\r\n<!-- \/wp:heading --><!-- wp:paragraph -->\r\n<p><strong class=\"privacy-policy-tutorial\">Texto sugerido: <\/strong>Si dejas un comentario, el comentario y sus metadatos se conservan indefinidamente. Esto es para que podamos reconocer y aprobar comentarios sucesivos autom\u00e1ticamente, en lugar de mantenerlos en una cola de moderaci\u00f3n.<\/p>\r\n<!-- \/wp:paragraph --><!-- wp:paragraph -->\r\n<p>De los usuarios que se registran en nuestra web (si los hay), tambi\u00e9n almacenamos la informaci\u00f3n personal que proporcionan en su perfil de usuario. Todos los usuarios pueden ver, editar o eliminar su informaci\u00f3n personal en cualquier momento (excepto que no pueden cambiar su nombre de usuario). Los administradores de la web tambi\u00e9n pueden ver y editar esa informaci\u00f3n.<\/p>\r\n<!-- \/wp:paragraph --><!-- wp:heading -->\r\n<h2 class=\"wp-block-heading\">Qu\u00e9 derechos tienes sobre tus datos<\/h2>\r\n<!-- \/wp:heading --><!-- wp:paragraph -->\r\n<p><strong class=\"privacy-policy-tutorial\">Texto sugerido: <\/strong>Si tienes una cuenta o has dejado comentarios en esta web, puedes solicitar recibir un archivo de exportaci\u00f3n de los datos personales que tenemos sobre ti, incluyendo cualquier dato que nos hayas proporcionado. Tambi\u00e9n puedes solicitar que eliminemos cualquier dato personal que tengamos sobre ti. Esto no incluye ning\u00fan dato que estemos obligados a conservar con fines administrativos, legales o de seguridad.<\/p>\r\n<!-- \/wp:paragraph --><!-- wp:heading -->\r\n<h2 class=\"wp-block-heading\">D\u00f3nde se env\u00edan tus datos<\/h2>\r\n<!-- \/wp:heading --><!-- wp:paragraph -->\r\n<p><strong class=\"privacy-policy-tutorial\">Texto sugerido: <\/strong>Los comentarios de los visitantes puede que los revise un servicio de detecci\u00f3n autom\u00e1tica de spam.<\/p>\r\n<!-- \/wp:paragraph -->\r\n<p>\u00a0<\/p>","_et_gb_content_width":"","content-type":"","inline_featured_image":false,"footnotes":""},"class_list":["post-3","page","type-page","status-publish","hentry"],"acf":[],"yoast_head":"<!-- This site is optimized with the Yoast SEO Premium plugin v27.4 (Yoast SEO v27.4) - https:\/\/yoast.com\/product\/yoast-seo-premium-wordpress\/ -->\n<title>Privacy Policy - Minders<\/title>\n<meta name=\"robots\" content=\"index, follow, max-snippet:-1, max-image-preview:large, max-video-preview:-1\" \/>\n<link rel=\"canonical\" href=\"https:\/\/minders.io\/privacy-policy\/\" \/>\n<meta property=\"og:locale\" content=\"es_ES\" \/>\n<meta property=\"og:type\" content=\"article\" \/>\n<meta property=\"og:title\" content=\"Privacy Policy\" \/>\n<meta property=\"og:description\" content=\"1. Introduction Last updated February 06, 2024. Endelary S.A. (doing business as Minders) (&quot;Minders&quot;, &quot;we&quot;,\u00a0or\u00a0&quot;us&quot;) is a Growth and Data Analytics consulting firm that help companies to scale digital products. Minders respects the privacy of individuals and is committed to protecting the information of visitors to the website (&quot;Visitors&quot;) and individuals or entities that register [&hellip;]\" \/>\n<meta property=\"og:url\" content=\"https:\/\/minders.io\/privacy-policy\/\" \/>\n<meta property=\"og:site_name\" content=\"Minders\" \/>\n<meta property=\"article:modified_time\" content=\"2025-03-10T10:13:52+00:00\" \/>\n<meta name=\"twitter:card\" content=\"summary_large_image\" \/>\n<meta name=\"twitter:label1\" content=\"Tiempo de lectura\" \/>\n\t<meta name=\"twitter:data1\" content=\"2 minutos\" \/>\n<script type=\"application\/ld+json\" class=\"yoast-schema-graph\">{\"@context\":\"https:\\\/\\\/schema.org\",\"@graph\":[{\"@type\":\"WebPage\",\"@id\":\"https:\\\/\\\/minders.io\\\/privacy-policy\\\/\",\"url\":\"https:\\\/\\\/minders.io\\\/privacy-policy\\\/\",\"name\":\"Privacy Policy - Minders\",\"isPartOf\":{\"@id\":\"https:\\\/\\\/minders.io\\\/#website\"},\"datePublished\":\"2025-01-15T12:30:14+00:00\",\"dateModified\":\"2025-03-10T10:13:52+00:00\",\"breadcrumb\":{\"@id\":\"https:\\\/\\\/minders.io\\\/privacy-policy\\\/#breadcrumb\"},\"inLanguage\":\"es\",\"potentialAction\":[{\"@type\":\"ReadAction\",\"target\":[\"https:\\\/\\\/minders.io\\\/privacy-policy\\\/\"]}]},{\"@type\":\"BreadcrumbList\",\"@id\":\"https:\\\/\\\/minders.io\\\/privacy-policy\\\/#breadcrumb\",\"itemListElement\":[{\"@type\":\"ListItem\",\"position\":1,\"name\":\"Portada\",\"item\":\"https:\\\/\\\/minders.io\\\/\"},{\"@type\":\"ListItem\",\"position\":2,\"name\":\"Privacy Policy\"}]},{\"@type\":\"WebSite\",\"@id\":\"https:\\\/\\\/minders.io\\\/#website\",\"url\":\"https:\\\/\\\/minders.io\\\/\",\"name\":\"Minders\",\"description\":\"\",\"potentialAction\":[{\"@type\":\"SearchAction\",\"target\":{\"@type\":\"EntryPoint\",\"urlTemplate\":\"https:\\\/\\\/minders.io\\\/?s={search_term_string}\"},\"query-input\":{\"@type\":\"PropertyValueSpecification\",\"valueRequired\":true,\"valueName\":\"search_term_string\"}}],\"inLanguage\":\"es\"}]}<\/script>\n<!-- \/ Yoast SEO Premium plugin. -->","yoast_head_json":{"title":"Privacy Policy - Minders","robots":{"index":"index","follow":"follow","max-snippet":"max-snippet:-1","max-image-preview":"max-image-preview:large","max-video-preview":"max-video-preview:-1"},"canonical":"https:\/\/minders.io\/privacy-policy\/","og_locale":"es_ES","og_type":"article","og_title":"Privacy Policy","og_description":"1. Introduction Last updated February 06, 2024. Endelary S.A. (doing business as Minders) (\"Minders\", \"we\",\u00a0or\u00a0\"us\") is a Growth and Data Analytics consulting firm that help companies to scale digital products. Minders respects the privacy of individuals and is committed to protecting the information of visitors to the website (\"Visitors\") and individuals or entities that register [&hellip;]","og_url":"https:\/\/minders.io\/privacy-policy\/","og_site_name":"Minders","article_modified_time":"2025-03-10T10:13:52+00:00","twitter_card":"summary_large_image","twitter_misc":{"Tiempo de lectura":"2 minutos"},"schema":{"@context":"https:\/\/schema.org","@graph":[{"@type":"WebPage","@id":"https:\/\/minders.io\/privacy-policy\/","url":"https:\/\/minders.io\/privacy-policy\/","name":"Privacy Policy - Minders","isPartOf":{"@id":"https:\/\/minders.io\/#website"},"datePublished":"2025-01-15T12:30:14+00:00","dateModified":"2025-03-10T10:13:52+00:00","breadcrumb":{"@id":"https:\/\/minders.io\/privacy-policy\/#breadcrumb"},"inLanguage":"es","potentialAction":[{"@type":"ReadAction","target":["https:\/\/minders.io\/privacy-policy\/"]}]},{"@type":"BreadcrumbList","@id":"https:\/\/minders.io\/privacy-policy\/#breadcrumb","itemListElement":[{"@type":"ListItem","position":1,"name":"Portada","item":"https:\/\/minders.io\/"},{"@type":"ListItem","position":2,"name":"Privacy Policy"}]},{"@type":"WebSite","@id":"https:\/\/minders.io\/#website","url":"https:\/\/minders.io\/","name":"Minders","description":"","potentialAction":[{"@type":"SearchAction","target":{"@type":"EntryPoint","urlTemplate":"https:\/\/minders.io\/?s={search_term_string}"},"query-input":{"@type":"PropertyValueSpecification","valueRequired":true,"valueName":"search_term_string"}}],"inLanguage":"es"}]}},"_links":{"self":[{"href":"https:\/\/minders.io\/es\/wp-json\/wp\/v2\/pages\/3","targetHints":{"allow":["GET"]}}],"collection":[{"href":"https:\/\/minders.io\/es\/wp-json\/wp\/v2\/pages"}],"about":[{"href":"https:\/\/minders.io\/es\/wp-json\/wp\/v2\/types\/page"}],"author":[{"embeddable":true,"href":"https:\/\/minders.io\/es\/wp-json\/wp\/v2\/users\/1"}],"replies":[{"embeddable":true,"href":"https:\/\/minders.io\/es\/wp-json\/wp\/v2\/comments?post=3"}],"version-history":[{"count":3,"href":"https:\/\/minders.io\/es\/wp-json\/wp\/v2\/pages\/3\/revisions"}],"predecessor-version":[{"id":1143,"href":"https:\/\/minders.io\/es\/wp-json\/wp\/v2\/pages\/3\/revisions\/1143"}],"wp:attachment":[{"href":"https:\/\/minders.io\/es\/wp-json\/wp\/v2\/media?parent=3"}],"curies":[{"name":"wp","href":"https:\/\/api.w.org\/{rel}","templated":true}]}}