{"id":3563,"date":"2025-01-17T13:55:18","date_gmt":"2025-01-17T16:55:18","guid":{"rendered":"https:\/\/minders.io\/casos-practicos\/"},"modified":"2026-01-24T13:55:50","modified_gmt":"2026-01-24T16:55:50","slug":"casos-practicos","status":"publish","type":"page","link":"https:\/\/minders.io\/es\/casos-practicos\/","title":{"rendered":"Casos pr\u00e1cticos"},"content":{"rendered":"<p>[et_pb_section fb_built=\u00bb1&#8243; admin_label=\u00bbc-hero\u00bb module_class=\u00bbc-cases-hero o-bg-negro js-c-hero\u00bb _builder_version=\u00bb4.25.1&#8243; _module_preset=\u00bbdefault\u00bb collapsed=\u00bboff\u00bb global_colors_info=\u00bb{}\u00bb][et_pb_row admin_label=\u00bbc-shapes\u00bb module_class=\u00bbc-shapes\u00bb _builder_version=\u00bb4.27.4&#8243; _module_preset=\u00bbdefault\u00bb locked=\u00bboff\u00bb collapsed=\u00bboff\u00bb global_colors_info=\u00bb{}\u00bb][et_pb_column type=\u00bb4_4&#8243; module_class=\u00bbc-shapes__col\u00bb admin_label=\u00bbc-shapes__col\u00bb _builder_version=\u00bb4.25.1&#8243; _module_preset=\u00bbdefault\u00bb global_colors_info=\u00bb{}\u00bb][et_pb_image src=\u00bbhttps:\/\/minders.io\/wp-content\/uploads\/\/Vector-2-1.svg\u00bb alt=\u00bbMinders Shape\u00bb title_text=\u00bbMinders Shape\u00bb admin_label=\u00bbc-shapes__shape\u00bb module_class=\u00bbc-cases-hero__shape c-shapes__shape\u00bb _builder_version=\u00bb4.27.4&#8243; _module_preset=\u00bbdefault\u00bb global_colors_info=\u00bb{}\u00bb][\/et_pb_image][\/et_pb_column][\/et_pb_row][et_pb_row admin_label=\u00bbc-home-hero__row\u00bb module_class=\u00bbc-cases-hero__row\u00bb _builder_version=\u00bb4.25.1&#8243; _module_preset=\u00bbdefault\u00bb collapsed=\u00bbon\u00bb global_colors_info=\u00bb{}\u00bb][et_pb_column type=\u00bb4_4&#8243; module_class=\u00bbc-cases-hero__col\u00bb admin_label=\u00bbc-casos-h\u00e9roe__col\u00bb _builder_version=\u00bb4.25.1&#8243; _module_preset=\u00bbdefault\u00bb global_colors_info=\u00bb{}\u00bb][et_pb_heading title=\u00bbCasos de \u00e9xito\u00bb admin_label=\u00bbc-cases-hero__title\u00bb module_class=\u00bbc-cases-hero__title o-color-blanco o-font-h1&#8243; _builder_version=\u00bb4.27.4&#8243; _module_preset=\u00bbdefault\u00bb title_font=\u00bbInter|600|||||||\u00bb hover_enabled=\u00bb0&#8243; global_colors_info=\u00bb{}\u00bb sticky_enabled=\u00bb0&#8243;][\/et_pb_heading][et_pb_text admin_label=\u00bbc-hero__text\u00bb module_class=\u00bbc-cases-hero__text o-color-blanco o-font-destacado\u00bb _builder_version=\u00bb4.27.4&#8243; _module_preset=\u00bbdefault\u00bb hover_enabled=\u00bb0&#8243; global_colors_info=\u00bb{}\u00bb sticky_enabled=\u00bb0&#8243;]<\/p>\n<p>Ejemplos reales de c\u00f3mo nuestros clientes activan, retienen y escalan sus productos digitales con una estrategia de growth basada en datos.<\/p>\n<p>[\/et_pb_text][et_pb_button button_url=\u00bb#contact\u00bb button_text=\u00bbHablemos\u00bb admin_label=\u00bbc-button\u00bb module_class=\u00bbc-cases-hero__button c-button c-button&#8211;fill o-font-button o-color-negro\u00bb _builder_version=\u00bb4.27.4&#8243; _module_preset=\u00bbdefault\u00bb hover_enabled=\u00bb0&#8243; global_colors_info=\u00bb{}\u00bb custom_margin=\u00bb||50px||false|false\u00bb sticky_enabled=\u00bb0&#8243;][\/et_pb_button][\/et_pb_column][\/et_pb_row][\/et_pb_section][et_pb_section fb_built=\u00bb1&#8243; admin_label=\u00bbc-cases-list\u00bb module_class=\u00bbc-cases-list o-bg-blanco js-header-white\u00bb _builder_version=\u00bb4.25.1&#8243; _module_preset=\u00bbdefault\u00bb collapsed=\u00bboff\u00bb global_colors_info=\u00bb{}\u00bb][et_pb_row admin_label=\u00bbc-cases-list__row\u00bb module_class=\u00bbc-cases-list__row\u00bb _builder_version=\u00bb4.25.1&#8243; _module_preset=\u00bbdefault\u00bb collapsed=\u00bboff\u00bb global_colors_info=\u00bb{}\u00bb][et_pb_column type=\u00bb4_4&#8243; module_class=\u00bbc-cases-list__col\u00bb admin_label=\u00bbc-lista-de-casos__col\u00bb _builder_version=\u00bb4.25.1&#8243; _module_preset=\u00bbdefault\u00bb global_colors_info=\u00bb{}\u00bb][dpdfg_filtergrid custom_query=\u00bbadvanced\u00bb multiple_cpt=\u00bbcase-study\u00bb post_number=\u00bb6&#8243; thumbnail_size=\u00bbdfg_full\u00bb use_overlay=\u00bboff\u00bb show_author=\u00bboff\u00bb show_terms=\u00bbon\u00bb show_terms_taxonomy=\u00bbcase-type\u00bb terms_links=\u00bboff\u00bb custom_content_container=\u00bboff\u00bb filter_children_terms=\u00bboff\u00bb filter_taxonomies=\u00bbcase-type\u00bb pagination_type=\u00bbbutton\u00bb ajax_load_more_text=\u00bbCargar m\u00e1s\u00bb items_width=\u00bb30%\u00bb primary_view=\u00bb%91{%22name%22:%22meta%22,%22show%22:%22off%22},{%22name%22:%22thumbnail%22,%22show%22:%22on%22},{%22name%22:%22overlay%22,%22show%22:%22on%22},{%22name%22:%22title%22,%22show%22:%22off%22},{%22name%22:%22ext%22,%22show%22:%22off%22},{%22name%22:%22content%22,%22show%22:%22off%22},{%22name%22:%22action_button%22,%22show%22:%22off%22},{%22name%22:%22read_more_button%22,%22show%22:%22off%22},{%22name%22:%22custom_content%22,%22show%22:%22off%22}%93&#8243; items_width_tablet=\u00bb\u00bb items_width_phone=\u00bb100%\u00bb items_width_last_edited=\u00bbon|phone\u00bb admin_label=\u00bbc-cases-grid\u00bb module_class=\u00bbc-cases-grid\u00bb _builder_version=\u00bb4.27.4&#8243; _module_preset=\u00bbdefault\u00bb custom_load_more_button=\u00bbon\u00bb locked=\u00bboff\u00bb global_colors_info=\u00bb{}\u00bb][\/dpdfg_filtergrid][\/et_pb_column][\/et_pb_row][\/et_pb_section]<\/p>\n","protected":false},"excerpt":{"rendered":"<p>Ejemplos reales de c\u00f3mo nuestros clientes activan, retienen y escalan sus productos digitales con una estrategia de growth basada en datos.<div class=\"et_pb_module dpdfg_filtergrid dpdfg_filtergrid_0 c-cases-grid\">\n\t\t\t\t\n\t\t\t\t\n\t\t\t\t\n\t\t\t\t\n\t\t\t\t\n\t\t\t\t\n\t\t\t\t<div class=\"et_pb_module_inner\">\n\t\t\t\t\t<!-- DPDFG Start Main Container --><div class=\"dp-dfg-container dp-dfg-layout-grid dp-dfg-skin-default dp-dfg-skin-top-filters\" data-active-filter=\"all\" data-page=\"1\" data-found-posts=\"22\" data-post-number=\"6\" data-default-filter=\"All\" data-link-filter=\"\" data-cache=\"off\" data-ratio=\"1\" data-show-thumb=\"on\" data-action=\"link\" data-new-window=\"off\" data-filters=\"on\" data-multifilter=\"off|OR\" data-multilevel=\"off|AND|off\" data-sorting=\"off\" data-order=\"DESC\" data-orderby=\"date\" data-initorderby=\"date\" data-url-navigation=\"off\" data-url-history=\"on|reload\" data-ajax-filters=\"off\" data-doing-ajax=\"off\" data-module=\"dpdfg_filtergrid_0\" data-search=\"off\" data-search-position=\"above\" data-terms-tags=\"on\" data-pagination=\"on\" data-filter-method=\"default\" data-third-party=\"\" data-lightbox=\"on|||\" data-video-preview=\"off\" data-no-init=\"off\" data-st=\"on\"><div class=\"dp-dfg-filters dp-dfg-filters-buttons-layout\" data-layout=\"button\" data-orderby=\"id\" data-hierarchy-levels=\"off\"><ul class=\"dp-dfg-level dp-dfg-taxonomy-level-0 dp-dfg-taxonomy-all\" data-parent=\"0\" data-tax=\"all\" data-order=\"0\"><li class=\"dp-dfg-filter\" data-level=\"0\" data-parent=\"0\"><a class=\"dp-dfg-filter-link active all\" href=\"#\" data-term-id=\"all\" >All<\/a><\/li><li class=\"dp-dfg-filter\" data-level=\"0\" data-parent=\"0\"><a class=\"dp-dfg-filter-link financial-services\" href=\"#\" data-term-id=\"7\" >Financial Services<\/a><\/li><li class=\"dp-dfg-filter\" data-level=\"0\" data-parent=\"0\"><a class=\"dp-dfg-filter-link retail\" href=\"#\" data-term-id=\"8\" >Retail<\/a><\/li><li class=\"dp-dfg-filter\" data-level=\"0\" data-parent=\"0\"><a class=\"dp-dfg-filter-link b2b\" href=\"#\" data-term-id=\"9\" >B2B<\/a><\/li><li class=\"dp-dfg-filter\" data-level=\"0\" data-parent=\"0\"><a class=\"dp-dfg-filter-link comercio-electronico\" href=\"#\" data-term-id=\"47\" >Comercio electr\u00f3nico<\/a><\/li><li class=\"dp-dfg-filter\" data-level=\"0\" data-parent=\"0\"><a class=\"dp-dfg-filter-link fintech-es\" href=\"#\" data-term-id=\"50\" >Fintech<\/a><\/li><li class=\"dp-dfg-filter\" data-level=\"0\" data-parent=\"0\"><a class=\"dp-dfg-filter-link retail\" href=\"#\" data-term-id=\"148\" >Retail<\/a><\/li><li class=\"dp-dfg-filter\" data-level=\"0\" data-parent=\"0\"><a class=\"dp-dfg-filter-link braze\" href=\"#\" data-term-id=\"153\" >braze<\/a><\/li><\/ul><\/div><!-- DPDFG End Filters Container --><div class=\"dp-dfg-items\"><article id=\"post-7174\" class=\"dp-dfg-item post-7174 case-study type-case-study status-publish has-post-thumbnail hentry case-type-braze case-type-financial-services dp-dfg-term-id-153 dp-dfg-term-id-7 \"     data-position=\"0\"   data-new-tab=\"off\"   data-action-priority=\"item\"><div class=\"dp-dfg-meta entry-meta\"><span class=\"terms\"><span class=\"braze taxonomy-case-type\" data-term-id=\"153\">braze<\/span><span class=\"term-separator\">,<\/span> <span class=\"financial-services taxonomy-case-type\" data-term-id=\"7\">Financial Services<\/span><\/span><\/div><figure class=\"dp-dfg-image entry-thumb\"><a href=\"https:\/\/minders.io\/es\/case-study\/monkey-nps-braze\/\" class=\"dp-dfg-image-link\" ><img loading=\"lazy\" decoding=\"async\" class=\"dp-dfg-featured-image\" src=\"https:\/\/minders.io\/wp-content\/uploads\/2026\/03\/Gif-Monkey-ESP.gif\" alt=\"C\u00f3mo un User Case Day elev\u00f3 el NPS de Monkey de 3% a 42%\" width=\"1920\" height=\"1080\" data-ratio=\"0.5625\"\/><\/a><\/figure><div class=\"dp-dfg-header entry-header\"><h2 class=\"entry-title\">C\u00f3mo un User Case Day elev\u00f3 el NPS de Monkey de 3% a 42%<\/h2><\/div><\/article><!-- DPDFG End Post Item Container --><article id=\"post-7060\" class=\"dp-dfg-item post-7060 case-study type-case-study status-publish has-post-thumbnail hentry case-type-retail dp-dfg-term-id-148 \"     data-position=\"1\"   data-new-tab=\"off\"   data-action-priority=\"item\"><div class=\"dp-dfg-meta entry-meta\"><span class=\"terms\"><span class=\"retail taxonomy-case-type\" data-term-id=\"148\">Retail<\/span><\/span><\/div><figure class=\"dp-dfg-image entry-thumb\"><a href=\"https:\/\/minders.io\/es\/case-study\/como-arca-continental-reinvento-el-engagement-en-back-to-school\/\" class=\"dp-dfg-image-link\" ><img loading=\"lazy\" decoding=\"async\" class=\"dp-dfg-featured-image\" src=\"https:\/\/minders.io\/wp-content\/uploads\/2026\/02\/Gif-Arca.gif\" alt=\"C\u00f3mo Arca Continental reinvent\u00f3 el engagement en Back-to-School\" width=\"1920\" height=\"1080\" data-ratio=\"0.5625\"\/><\/a><\/figure><div class=\"dp-dfg-header entry-header\"><h2 class=\"entry-title\">C\u00f3mo Arca Continental reinvent\u00f3 el engagement en Back-to-School<\/h2><\/div><\/article><!-- DPDFG End Post Item Container --><article id=\"post-7045\" class=\"dp-dfg-item post-7045 case-study type-case-study status-publish has-post-thumbnail hentry \"     data-position=\"2\"   data-new-tab=\"off\"   data-action-priority=\"item\"><div class=\"dp-dfg-meta entry-meta\"><\/div><figure class=\"dp-dfg-image entry-thumb\"><a href=\"https:\/\/minders.io\/es\/case-study\/finsus-conversion-braze-minders\/\" class=\"dp-dfg-image-link\" ><img loading=\"lazy\" decoding=\"async\" class=\"dp-dfg-featured-image\" src=\"https:\/\/minders.io\/wp-content\/uploads\/2026\/02\/Gif-Finsus-ENG.gif\" alt=\"C\u00f3mo Finsus aument\u00f3 su conversi\u00f3n un 36% con Braze y Minders\" width=\"1920\" height=\"1080\" data-ratio=\"0.5625\"\/><\/a><\/figure><div class=\"dp-dfg-header entry-header\"><h2 class=\"entry-title\">C\u00f3mo Finsus aument\u00f3 su conversi\u00f3n un 36% con Braze y Minders<\/h2><\/div><\/article><!-- DPDFG End Post Item Container --><article id=\"post-6667\" class=\"dp-dfg-item post-6667 case-study type-case-study status-publish has-post-thumbnail hentry \"     data-position=\"3\"   data-new-tab=\"off\"   data-action-priority=\"item\"><div class=\"dp-dfg-meta entry-meta\"><\/div><figure class=\"dp-dfg-image entry-thumb\"><a href=\"https:\/\/minders.io\/es\/case-study\/transformacion-producto-buk-amplitude-minders\/\" class=\"dp-dfg-image-link\" ><img loading=\"lazy\" decoding=\"async\" class=\"dp-dfg-featured-image\" src=\"https:\/\/minders.io\/wp-content\/uploads\/2026\/01\/Gif-Buk.gif\" alt=\"C\u00f3mo Buk redujo en un 70% el tiempo de solicitud de vacaciones con Amplitude\" width=\"1920\" height=\"1080\" data-ratio=\"0.5625\"\/><\/a><\/figure><div class=\"dp-dfg-header entry-header\"><h2 class=\"entry-title\">C\u00f3mo Buk redujo en un 70% el tiempo de solicitud de vacaciones con Amplitude<\/h2><\/div><\/article><!-- DPDFG End Post Item Container --><article id=\"post-6222\" class=\"dp-dfg-item post-6222 case-study type-case-study status-publish has-post-thumbnail hentry \"     data-position=\"4\"   data-new-tab=\"off\"   data-action-priority=\"item\"><div class=\"dp-dfg-meta entry-meta\"><\/div><figure class=\"dp-dfg-image entry-thumb\"><a href=\"https:\/\/minders.io\/es\/case-study\/del-caos-de-datos-a-la-claridad-el-camino-de-gran-cursos-hacia-decisiones-mas-inteligentes\/\" class=\"dp-dfg-image-link\" ><img loading=\"lazy\" decoding=\"async\" class=\"dp-dfg-featured-image\" src=\"https:\/\/minders.io\/wp-content\/uploads\/2025\/11\/Gif-gran-cursos-1.gif\" alt=\"El mapa que faltaba: la evoluci\u00f3n de Gran Cursos hacia decisiones inteligentes\" width=\"1920\" height=\"1080\" data-ratio=\"0.5625\"\/><\/a><\/figure><div class=\"dp-dfg-header entry-header\"><h2 class=\"entry-title\">El mapa que faltaba: la evoluci\u00f3n de Gran Cursos hacia decisiones inteligentes<\/h2><\/div><\/article><!-- DPDFG End Post Item Container --><article id=\"post-6204\" class=\"dp-dfg-item post-6204 case-study type-case-study status-publish has-post-thumbnail hentry \"     data-position=\"5\"   data-new-tab=\"off\"   data-action-priority=\"item\"><div class=\"dp-dfg-meta entry-meta\"><\/div><figure class=\"dp-dfg-image entry-thumb\"><a href=\"https:\/\/minders.io\/es\/case-study\/de-los-datos-a-la-decision-como-el-grupo-sbf-gano-velocidad-escala-y-autonomia-con-minders-amplitude\/\" class=\"dp-dfg-image-link\" ><img loading=\"lazy\" decoding=\"async\" class=\"dp-dfg-featured-image\" src=\"https:\/\/minders.io\/wp-content\/uploads\/2025\/11\/Gif-Grupo-SBF-1.gif\" alt=\"De los datos a la decisi\u00f3n: c\u00f3mo el Grupo SBF gan\u00f3 velocidad, escala y autonom\u00eda con Minders + Amplitude\" width=\"1920\" height=\"1080\" data-ratio=\"0.5625\"\/><\/a><\/figure><div class=\"dp-dfg-header entry-header\"><h2 class=\"entry-title\">De los datos a la decisi\u00f3n: c\u00f3mo el Grupo SBF gan\u00f3 velocidad, escala y autonom\u00eda con Minders + Amplitude<\/h2><\/div><\/article><!-- DPDFG End Post Item Container --><\/div><!-- DPDFG End Posts Items Container --><div class=\"dp-dfg-pagination\" data-base-url=\"\/es\/wp-json\/wp\/v2\/s\/3563\" data-url-args=\"\"><div class=\"et_pb_button_wrapper\"><a class=\"et_pb_button dp-dfg-load-more-button \" href=\"?sf_paged=2\" data-icon=\"5\">Cargar m\u00e1s<\/a><\/div><\/div><!-- DPDFG End Pagination Container --><\/div><!-- DPDFG End Main Container -->\n\t\t\t\t<\/div>\n\t\t\t<\/div><\/p>\n","protected":false},"author":1,"featured_media":2614,"parent":0,"menu_order":0,"comment_status":"closed","ping_status":"closed","template":"","meta":{"_acf_changed":false,"_et_pb_use_builder":"on","_et_pb_old_content":"","_et_gb_content_width":"","content-type":"","inline_featured_image":false,"footnotes":""},"class_list":["post-3563","page","type-page","status-publish","has-post-thumbnail","hentry"],"acf":[],"yoast_head":"<!-- This site is optimized with the Yoast SEO Premium plugin v27.4 (Yoast SEO v27.5) - https:\/\/yoast.com\/product\/yoast-seo-premium-wordpress\/ -->\n<title>Casos pr\u00e1cticos - Minders<\/title>\n<meta name=\"robots\" content=\"index, follow, max-snippet:-1, max-image-preview:large, max-video-preview:-1\" \/>\n<link rel=\"canonical\" href=\"https:\/\/minders.io\/case-studies\/\" \/>\n<meta property=\"og:locale\" content=\"es_ES\" \/>\n<meta property=\"og:type\" content=\"article\" \/>\n<meta property=\"og:title\" content=\"Casos pr\u00e1cticos\" \/>\n<meta property=\"og:description\" content=\"Ejemplos reales de c\u00f3mo nuestros clientes activan, retienen y escalan sus productos digitales con una estrategia de growth basada en datos.\" \/>\n<meta property=\"og:url\" content=\"https:\/\/minders.io\/case-studies\/\" \/>\n<meta property=\"og:site_name\" content=\"Minders\" \/>\n<meta property=\"article:modified_time\" content=\"2026-01-24T16:55:50+00:00\" \/>\n<meta property=\"og:image\" content=\"https:\/\/minders.io\/wp-content\/uploads\/2025\/03\/minders-default-image-2.png\" \/>\n\t<meta property=\"og:image:width\" content=\"1200\" \/>\n\t<meta property=\"og:image:height\" content=\"628\" \/>\n\t<meta property=\"og:image:type\" content=\"image\/png\" \/>\n<meta name=\"twitter:card\" content=\"summary_large_image\" \/>\n<meta name=\"twitter:label1\" content=\"Tiempo de lectura\" \/>\n\t<meta name=\"twitter:data1\" content=\"3 minutos\" \/>\n<script type=\"application\/ld+json\" class=\"yoast-schema-graph\">{\"@context\":\"https:\\\/\\\/schema.org\",\"@graph\":[{\"@type\":\"WebPage\",\"@id\":\"https:\\\/\\\/minders.io\\\/case-studies\\\/\",\"url\":\"https:\\\/\\\/minders.io\\\/case-studies\\\/\",\"name\":\"Casos pr\u00e1cticos - Minders\",\"isPartOf\":{\"@id\":\"https:\\\/\\\/minders.io\\\/#website\"},\"primaryImageOfPage\":{\"@id\":\"https:\\\/\\\/minders.io\\\/case-studies\\\/#primaryimage\"},\"image\":{\"@id\":\"https:\\\/\\\/minders.io\\\/case-studies\\\/#primaryimage\"},\"thumbnailUrl\":\"https:\\\/\\\/minders.io\\\/wp-content\\\/uploads\\\/2025\\\/03\\\/minders-default-image-2.png\",\"datePublished\":\"2025-01-17T16:55:18+00:00\",\"dateModified\":\"2026-01-24T16:55:50+00:00\",\"breadcrumb\":{\"@id\":\"https:\\\/\\\/minders.io\\\/case-studies\\\/#breadcrumb\"},\"inLanguage\":\"es\",\"potentialAction\":[{\"@type\":\"ReadAction\",\"target\":[\"https:\\\/\\\/minders.io\\\/case-studies\\\/\"]}]},{\"@type\":\"ImageObject\",\"inLanguage\":\"es\",\"@id\":\"https:\\\/\\\/minders.io\\\/case-studies\\\/#primaryimage\",\"url\":\"https:\\\/\\\/minders.io\\\/wp-content\\\/uploads\\\/2025\\\/03\\\/minders-default-image-2.png\",\"contentUrl\":\"https:\\\/\\\/minders.io\\\/wp-content\\\/uploads\\\/2025\\\/03\\\/minders-default-image-2.png\",\"width\":1200,\"height\":628,\"caption\":\"Minders logo and brand stickers\"},{\"@type\":\"BreadcrumbList\",\"@id\":\"https:\\\/\\\/minders.io\\\/case-studies\\\/#breadcrumb\",\"itemListElement\":[{\"@type\":\"ListItem\",\"position\":1,\"name\":\"Portada\",\"item\":\"https:\\\/\\\/minders.io\\\/\"},{\"@type\":\"ListItem\",\"position\":2,\"name\":\"Casos pr\u00e1cticos\"}]},{\"@type\":\"WebSite\",\"@id\":\"https:\\\/\\\/minders.io\\\/#website\",\"url\":\"https:\\\/\\\/minders.io\\\/\",\"name\":\"Minders\",\"description\":\"\",\"potentialAction\":[{\"@type\":\"SearchAction\",\"target\":{\"@type\":\"EntryPoint\",\"urlTemplate\":\"https:\\\/\\\/minders.io\\\/?s={search_term_string}\"},\"query-input\":{\"@type\":\"PropertyValueSpecification\",\"valueRequired\":true,\"valueName\":\"search_term_string\"}}],\"inLanguage\":\"es\"}]}<\/script>\n<!-- \/ Yoast SEO Premium plugin. -->","yoast_head_json":{"title":"Casos pr\u00e1cticos - Minders","robots":{"index":"index","follow":"follow","max-snippet":"max-snippet:-1","max-image-preview":"max-image-preview:large","max-video-preview":"max-video-preview:-1"},"canonical":"https:\/\/minders.io\/case-studies\/","og_locale":"es_ES","og_type":"article","og_title":"Casos pr\u00e1cticos","og_description":"Ejemplos reales de c\u00f3mo nuestros clientes activan, retienen y escalan sus productos digitales con una estrategia de growth basada en datos.","og_url":"https:\/\/minders.io\/case-studies\/","og_site_name":"Minders","article_modified_time":"2026-01-24T16:55:50+00:00","og_image":[{"width":1200,"height":628,"url":"https:\/\/minders.io\/wp-content\/uploads\/2025\/03\/minders-default-image-2.png","type":"image\/png"}],"twitter_card":"summary_large_image","twitter_misc":{"Tiempo de lectura":"3 minutos"},"schema":{"@context":"https:\/\/schema.org","@graph":[{"@type":"WebPage","@id":"https:\/\/minders.io\/case-studies\/","url":"https:\/\/minders.io\/case-studies\/","name":"Casos pr\u00e1cticos - Minders","isPartOf":{"@id":"https:\/\/minders.io\/#website"},"primaryImageOfPage":{"@id":"https:\/\/minders.io\/case-studies\/#primaryimage"},"image":{"@id":"https:\/\/minders.io\/case-studies\/#primaryimage"},"thumbnailUrl":"https:\/\/minders.io\/wp-content\/uploads\/2025\/03\/minders-default-image-2.png","datePublished":"2025-01-17T16:55:18+00:00","dateModified":"2026-01-24T16:55:50+00:00","breadcrumb":{"@id":"https:\/\/minders.io\/case-studies\/#breadcrumb"},"inLanguage":"es","potentialAction":[{"@type":"ReadAction","target":["https:\/\/minders.io\/case-studies\/"]}]},{"@type":"ImageObject","inLanguage":"es","@id":"https:\/\/minders.io\/case-studies\/#primaryimage","url":"https:\/\/minders.io\/wp-content\/uploads\/2025\/03\/minders-default-image-2.png","contentUrl":"https:\/\/minders.io\/wp-content\/uploads\/2025\/03\/minders-default-image-2.png","width":1200,"height":628,"caption":"Minders logo and brand stickers"},{"@type":"BreadcrumbList","@id":"https:\/\/minders.io\/case-studies\/#breadcrumb","itemListElement":[{"@type":"ListItem","position":1,"name":"Portada","item":"https:\/\/minders.io\/"},{"@type":"ListItem","position":2,"name":"Casos pr\u00e1cticos"}]},{"@type":"WebSite","@id":"https:\/\/minders.io\/#website","url":"https:\/\/minders.io\/","name":"Minders","description":"","potentialAction":[{"@type":"SearchAction","target":{"@type":"EntryPoint","urlTemplate":"https:\/\/minders.io\/?s={search_term_string}"},"query-input":{"@type":"PropertyValueSpecification","valueRequired":true,"valueName":"search_term_string"}}],"inLanguage":"es"}]}},"_links":{"self":[{"href":"https:\/\/minders.io\/es\/wp-json\/wp\/v2\/pages\/3563","targetHints":{"allow":["GET"]}}],"collection":[{"href":"https:\/\/minders.io\/es\/wp-json\/wp\/v2\/pages"}],"about":[{"href":"https:\/\/minders.io\/es\/wp-json\/wp\/v2\/types\/page"}],"author":[{"embeddable":true,"href":"https:\/\/minders.io\/es\/wp-json\/wp\/v2\/users\/1"}],"replies":[{"embeddable":true,"href":"https:\/\/minders.io\/es\/wp-json\/wp\/v2\/comments?post=3563"}],"version-history":[{"count":16,"href":"https:\/\/minders.io\/es\/wp-json\/wp\/v2\/pages\/3563\/revisions"}],"predecessor-version":[{"id":6736,"href":"https:\/\/minders.io\/es\/wp-json\/wp\/v2\/pages\/3563\/revisions\/6736"}],"wp:featuredmedia":[{"embeddable":true,"href":"https:\/\/minders.io\/es\/wp-json\/wp\/v2\/media\/2614"}],"wp:attachment":[{"href":"https:\/\/minders.io\/es\/wp-json\/wp\/v2\/media?parent=3563"}],"curies":[{"name":"wp","href":"https:\/\/api.w.org\/{rel}","templated":true}]}}