{"id":3576,"date":"2025-01-17T13:56:01","date_gmt":"2025-01-17T16:56:01","guid":{"rendered":"https:\/\/minders.io\/eventos\/"},"modified":"2026-01-26T12:21:27","modified_gmt":"2026-01-26T15:21:27","slug":"eventos","status":"publish","type":"page","link":"https:\/\/minders.io\/pt-br\/eventos\/","title":{"rendered":"Eventos"},"content":{"rendered":"<p>[et_pb_section fb_built=&#8221;1&#8243; admin_label=&#8221;c-hero&#8221; module_class=&#8221;c-events-hero o-bg-negro js-c-hero&#8221; _builder_version=&#8221;4.25.1&#8243; _module_preset=&#8221;default&#8221; collapsed=&#8221;off&#8221; global_colors_info=&#8221;{}&#8221;][et_pb_row admin_label=&#8221;formas c&#8221; module_class=&#8221;c-shapes&#8221; _builder_version=&#8221;4.25.1&#8243; _module_preset=&#8221;default&#8221; locked=&#8221;off&#8221; collapsed=&#8221;off&#8221; global_colors_info=&#8221;{}&#8221;][et_pb_column type=&#8221;4_4&#8243; module_class=&#8221;c-shapes__col&#8221; admin_label=&#8221;c-shapes__col&#8221; _builder_version=&#8221;4.25.1&#8243; _module_preset=&#8221;default&#8221; global_colors_info=&#8221;{}&#8221;][et_pb_image src=&#8221;https:\/\/minders.io\/wp-content\/uploads\/2026\/01\/minders-shape-7.png&#8221; alt=&#8221;Forma de Minders&#8221; title_text=&#8221;minders-shape-7&#8243; admin_label=&#8221;c-shapes__shape&#8221; module_class=&#8221;c-events-hero__shape c-shapes__shape&#8221; _builder_version=&#8221;4.27.4&#8243; _module_preset=&#8221;default&#8221; hover_enabled=&#8221;0&#8243; global_colors_info=&#8221;{}&#8221; sticky_enabled=&#8221;0&#8243;][\/et_pb_image][\/et_pb_column][\/et_pb_row][et_pb_row admin_label=&#8221;c-events-hero__row&#8221; module_class=&#8221;c-events-hero__row&#8221; _builder_version=&#8221;4.25.1&#8243; _module_preset=&#8221;default&#8221; collapsed=&#8221;off&#8221; global_colors_info=&#8221;{}&#8221;][et_pb_column type=&#8221;4_4&#8243; module_class=&#8221;c-events-hero__col&#8221; admin_label=&#8221;c-events-hero__col&#8221; _builder_version=&#8221;4.25.1&#8243; _module_preset=&#8221;default&#8221; global_colors_info=&#8221;{}&#8221;][et_pb_heading title=&#8221;@ET-DC@eyJkeW5hbWljIjp0cnVlLCJjb250ZW50IjoicG9zdF90aXRsZSIsInNldHRpbmdzIjp7ImJlZm9yZSI6IiIsImFmdGVyIjoiIiwiZW5hYmxlX2h0bWwiOiJvZmYifX0=@&#8221; admin_label=&#8221;c-events-hero__title&#8221; module_class=&#8221;c-events-hero__title o-color-blanco o-font-h1&#8243; _builder_version=&#8221;4.25.1&#8243; _dynamic_attributes=&#8221;title&#8221; _module_preset=&#8221;default&#8221; title_font=&#8221;Inter|600|||||||&#8221; global_colors_info=&#8221;{}&#8221;][\/et_pb_heading][et_pb_text admin_label=&#8221;c-events-hero__text&#8221; module_class=&#8221;c-events-hero__text o-color-blanco o-font-destacado&#8221; _builder_version=&#8221;4.25.1&#8243; _module_preset=&#8221;default&#8221; global_colors_info=&#8221;{}&#8221;]<\/p>\n<p>Descubra onde voc\u00ea pode se conectar conosco em eventos do setor, confer\u00eancias e muito mais. Gostar\u00edamos muito de ver voc\u00ea l\u00e1! <\/p>\n<p>[\/et_pb_text][\/et_pb_column][\/et_pb_row][\/et_pb_section][et_pb_section fb_built=&#8221;1&#8243; admin_label=&#8221;c-events-grid&#8221; module_class=&#8221;c-events-grid o-bg-negro&#8221; _builder_version=&#8221;4.25.1&#8243; _module_preset=&#8221;default&#8221; collapsed=&#8221;off&#8221; global_colors_info=&#8221;{}&#8221;][et_pb_row admin_label=&#8221;c-events-grid__row&#8221; module_class=&#8221;c-events-grid__row&#8221; _builder_version=&#8221;4.25.1&#8243; _module_preset=&#8221;default&#8221; global_colors_info=&#8221;{}&#8221;][et_pb_column type=&#8221;4_4&#8243; module_class=&#8221;c-events-grid__col&#8221; admin_label=&#8221;c-events-grid__col&#8221; _builder_version=&#8221;4.25.1&#8243; _module_preset=&#8221;default&#8221; global_colors_info=&#8221;{}&#8221;][dpdfg_filtergrid custom_query=&#8221;advanced&#8221; multiple_cpt=&#8221;event&#8221; use_taxonomy_terms=&#8221;on&#8221; exclude_taxonomies=&#8221;state&#8221; exclude_taxonomies_relation=&#8221;AND&#8221; exclude_terms=&#8221;46&#8243; post_number=&#8221;6&#8243; sticky_posts=&#8221;on&#8221; use_overlay=&#8221;off&#8221; show_post_meta=&#8221;off&#8221; show_custom_fields=&#8221;on&#8221; custom_fields=&#8221;%91{%22name%22:%22event_date%22,%22label%22:%22%22},{%22name%22:%22event_excerpt%22,%22label%22:%22%22}%93&#8243; custom_content_container=&#8221;off&#8221; show_filters=&#8221;off&#8221; previous_icon=&#8221;&#x23;||divi||400&#8243; next_icon=&#8221;&#x24;||divi||400&#8243; items_layout=&#8221;dp-dfg-layout-list&#8221; primary_view=&#8221;%91{%22name%22:%22thumbnail%22,%22show%22:%22on%22},{%22name%22:%22overlay%22,%22show%22:%22on%22},{%22name%22:%22title%22,%22show%22:%22off%22},{%22name%22:%22meta%22,%22show%22:%22off%22},{%22name%22:%22content%22,%22show%22:%22off%22},{%22name%22:%22action_button%22,%22show%22:%22off%22},{%22name%22:%22read_more_button%22,%22show%22:%22off%22},{%22name%22:%22ext%22,%22show%22:%22off%22},{%22name%22:%22custom_content%22,%22show%22:%22off%22}%93&#8243; admin_label=&#8221;c-events-grid__grid&#8221; module_class=&#8221;c-events-grid__grid&#8221; _builder_version=&#8221;4.27.4&#8243; _module_preset=&#8221;default&#8221; hover_enabled=&#8221;0&#8243; global_colors_info=&#8221;{}&#8221; sticky_enabled=&#8221;0&#8243;][\/dpdfg_filtergrid][\/et_pb_column][\/et_pb_row][\/et_pb_section]<\/p>\n","protected":false},"excerpt":{"rendered":"<p>Descubra onde voc\u00ea pode se conectar conosco em eventos do setor, confer\u00eancias e muito mais. Gostar\u00edamos muito de ver voc\u00ea l\u00e1! <div class=\"et_pb_module dpdfg_filtergrid dpdfg_filtergrid_0 c-events-grid__grid\">\n\t\t\t\t\n\t\t\t\t\n\t\t\t\t\n\t\t\t\t\n\t\t\t\t\n\t\t\t\t\n\t\t\t\t<div class=\"et_pb_module_inner\">\n\t\t\t\t\t<!-- DPDFG Start Main Container --><div class=\"dp-dfg-container dp-dfg-layout-list dp-dfg-skin-default dp-dfg-skin-top-filters\" data-active-filter=\"all\" data-page=\"1\" data-found-posts=\"25\" data-post-number=\"6\" data-default-filter=\"All\" data-link-filter=\"\" data-cache=\"off\" data-ratio=\"0.71\" data-show-thumb=\"on\" data-action=\"link\" data-new-window=\"off\" data-filters=\"off\" data-multifilter=\"off|OR\" data-multilevel=\"off|AND|off\" data-sorting=\"off\" data-order=\"DESC\" data-orderby=\"date\" data-initorderby=\"date\" data-url-navigation=\"off\" data-url-history=\"on|reload\" data-ajax-filters=\"off\" data-doing-ajax=\"off\" data-module=\"dpdfg_filtergrid_0\" data-search=\"off\" data-search-position=\"above\" data-terms-tags=\"on\" data-pagination=\"on\" data-filter-method=\"default\" data-third-party=\"\" data-lightbox=\"on|||\" data-video-preview=\"off\" data-no-init=\"off\" data-st=\"on\"><div class=\"dp-dfg-items\"><article id=\"post-7843\" class=\"dp-dfg-item post-7843 event type-event status-publish has-post-thumbnail hentry \"     data-position=\"0\"   data-new-tab=\"off\"   data-action-priority=\"item\"><figure class=\"dp-dfg-image entry-thumb\"><a href=\"https:\/\/minders.io\/pt-br\/event\/webinar-growth-strategies-copa-do-mundo-2026\/\" class=\"dp-dfg-image-link\" ><img loading=\"lazy\" decoding=\"async\" class=\"dp-dfg-featured-image\" src=\"https:\/\/minders.io\/wp-content\/uploads\/2026\/03\/fondos-canva-5-400x284.jpg\" alt=\"Ganhe fora do campo: Growth strategies para a Copa do Mundo 2026\" width=\"400\" height=\"284\" data-ratio=\"0.71\"\/><\/a><\/figure><div class=\"dp-dfg-overlay dp-dfg-hide\"><span class=\"dfg_et_overlay\"  data-icon=\"&amp;#xe050;\"><\/span><\/div><div class=\"dp-dfg-header entry-header\"><h2 class=\"entry-title\">Ganhe fora do campo: Growth strategies para a Copa do Mundo 2026<\/h2><\/div><p class=\"dp-dfg-custom-field dp-dfg-cf-event_date\"><span class=\"dp-dfg-custom-field-value\">maio 12, 2026 - 2:00 pm<\/span><\/p><\/article><!-- DPDFG End Post Item Container --><article id=\"post-6626\" class=\"dp-dfg-item post-6626 event type-event status-publish hentry \"  data-link=\"https:\/\/minders.io\/pt-br\/event\/growth-in-mind-dinner\/\"    data-position=\"1\"   data-new-tab=\"off\"   data-action-priority=\"item\"><figure class=\"dp-dfg-image entry-thumb\"><\/figure><div class=\"dp-dfg-overlay dp-dfg-hide\"><span class=\"dfg_et_overlay\"  data-icon=\"&amp;#xe050;\"><\/span><\/div><div class=\"dp-dfg-header entry-header\"><h2 class=\"entry-title\">Growth in Mind: onde pensamento estrat\u00e9gico encontra crescimento<\/h2><\/div><p class=\"dp-dfg-custom-field dp-dfg-cf-event_date\"><span class=\"dp-dfg-custom-field-value\">abril 8, 2026 - 6:00 pm<\/span><\/p><\/article><!-- DPDFG End Post Item Container --><article id=\"post-6032\" class=\"dp-dfg-item post-6032 event type-event status-publish has-post-thumbnail hentry \"     data-position=\"2\"   data-new-tab=\"off\"   data-action-priority=\"item\"><figure class=\"dp-dfg-image entry-thumb\"><a href=\"https:\/\/minders.io\/pt-br\/event\/lideranca-que-transforma-onde-proposito-e-disciplina-nadam-na-mesma-raia\/\" class=\"dp-dfg-image-link\" ><img loading=\"lazy\" decoding=\"async\" class=\"dp-dfg-featured-image\" src=\"https:\/\/minders.io\/wp-content\/uploads\/2025\/10\/Captura-de-Tela-2025-10-23-as-15.50.34-400x284.png\" alt=\"Lideran\u00e7a que Transforma \u2014 Onde prop\u00f3sito e disciplina nadam na mesma raia\" width=\"400\" height=\"284\" data-ratio=\"0.71\"\/><\/a><\/figure><div class=\"dp-dfg-overlay dp-dfg-hide\"><span class=\"dfg_et_overlay\"  data-icon=\"&amp;#xe050;\"><\/span><\/div><div class=\"dp-dfg-header entry-header\"><h2 class=\"entry-title\">Lideran\u00e7a que Transforma \u2014 Onde prop\u00f3sito e disciplina nadam na mesma raia<\/h2><\/div><p class=\"dp-dfg-custom-field dp-dfg-cf-event_date\"><span class=\"dp-dfg-custom-field-value\">novembro 18, 2025 - 6:30 pm<\/span><\/p><\/article><!-- DPDFG End Post Item Container --><article id=\"post-5971\" class=\"dp-dfg-item post-5971 event type-event status-publish has-post-thumbnail hentry \"     data-position=\"3\"   data-new-tab=\"off\"   data-action-priority=\"item\"><figure class=\"dp-dfg-image entry-thumb\"><a href=\"https:\/\/minders.io\/pt-br\/event\/minders-impact-awards-product-camp-2025\/\" class=\"dp-dfg-image-link\" ><img loading=\"lazy\" decoding=\"async\" class=\"dp-dfg-featured-image\" src=\"https:\/\/minders.io\/wp-content\/uploads\/2025\/10\/Captura-de-Tela-2025-10-21-as-15.58.24-400x284.png\" alt=\"Minders Impact Awards \u2014 Product Camp 2025\" width=\"400\" height=\"284\" data-ratio=\"0.71\"\/><\/a><\/figure><div class=\"dp-dfg-overlay dp-dfg-hide\"><span class=\"dfg_et_overlay\"  data-icon=\"&amp;#xe050;\"><\/span><\/div><div class=\"dp-dfg-header entry-header\"><h2 class=\"entry-title\">Minders Impact Awards \u2014 Product Camp 2025<\/h2><\/div><p class=\"dp-dfg-custom-field dp-dfg-cf-event_date\"><span class=\"dp-dfg-custom-field-value\">dezembro 10, 2025 - 12:00 am<\/span><\/p><\/article><!-- DPDFG End Post Item Container --><article id=\"post-4682\" class=\"dp-dfg-item post-4682 event type-event status-publish has-post-thumbnail hentry \"     data-position=\"4\"   data-new-tab=\"off\"   data-action-priority=\"item\"><figure class=\"dp-dfg-image entry-thumb\"><a href=\"https:\/\/minders.io\/pt-br\/event\/webinar-farmacia-digital-cuidado-online-offline\/\" class=\"dp-dfg-image-link\" ><img loading=\"lazy\" decoding=\"async\" class=\"dp-dfg-featured-image\" src=\"https:\/\/minders.io\/wp-content\/uploads\/2025\/08\/Webinar-experiment-Carol-Brazil-1.png\" alt=\"Webinar &#8220;Como adaptar a farm\u00e1cia tradicional ao digital: conectando cuidado online e offline&#8221;\" width=\"300\" height=\"250\" data-ratio=\"0.83333333333333\"\/><\/a><\/figure><div class=\"dp-dfg-overlay dp-dfg-hide\"><span class=\"dfg_et_overlay\"  data-icon=\"&amp;#xe050;\"><\/span><\/div><div class=\"dp-dfg-header entry-header\"><h2 class=\"entry-title\">Webinar &#8220;Como adaptar a farm\u00e1cia tradicional ao digital: conectando cuidado online e offline&#8221;<\/h2><\/div><p class=\"dp-dfg-custom-field dp-dfg-cf-event_date\"><span class=\"dp-dfg-custom-field-value\">agosto 28, 2025 - 11:00 am<\/span><\/p><p class=\"dp-dfg-custom-field dp-dfg-cf-event_excerpt\"><span class=\"dp-dfg-custom-field-value\">Neste webinar, vamos conversar com Senior Product Manager da Vitat sobre os desafios e oportunidades que o varejo farmac\u00eautico enfrenta em seu caminho rumo \u00e0 digitaliza\u00e7\u00e3o.<\/span><\/p><\/article><!-- DPDFG End Post Item Container --><article id=\"post-4453\" class=\"dp-dfg-item post-4453 event type-event status-publish has-post-thumbnail hentry \"     data-position=\"5\"   data-new-tab=\"off\"   data-action-priority=\"item\"><figure class=\"dp-dfg-image entry-thumb\"><a href=\"https:\/\/minders.io\/pt-br\/event\/webinar-amplitude-product-analytics\/\" class=\"dp-dfg-image-link\" ><img loading=\"lazy\" decoding=\"async\" class=\"dp-dfg-featured-image\" src=\"https:\/\/minders.io\/wp-content\/uploads\/2025\/08\/Untitled-design-6.png\" alt=\"Webinar Amplitude Product Analytics: Domine seu produto\" width=\"300\" height=\"250\" data-ratio=\"0.83333333333333\"\/><\/a><\/figure><div class=\"dp-dfg-overlay dp-dfg-hide\"><span class=\"dfg_et_overlay\"  data-icon=\"&amp;#xe050;\"><\/span><\/div><div class=\"dp-dfg-header entry-header\"><h2 class=\"entry-title\">Webinar Amplitude Product Analytics: Domine seu produto<\/h2><\/div><p class=\"dp-dfg-custom-field dp-dfg-cf-event_date\"><span class=\"dp-dfg-custom-field-value\">agosto 14, 2025 - 11:00 am<\/span><\/p><\/article><!-- DPDFG End Post Item Container --><\/div><!-- DPDFG End Posts Items Container --><div class=\"dp-dfg-pagination\" data-base-url=\"\/pt-br\/wp-json\/wp\/v2\/s\/3576\" data-url-args=\"\"><ul class=\"pagination \"><li class=\"pagination-item previous-posts dp-dfg-direction  dp-dfg-hide\"><a href=\"\/pt-br\/wp-json\/wp\/v2\/s\/3576\/page\/1\/\" data-page=\"1\" class=\"pagination-link\"><span class=\"et-pb-icon\">&#x23;<\/span> <\/a><\/li><li class=\"pagination-item active\"><a href=\"\/pt-br\/wp-json\/wp\/v2\/s\/3576\/page\/1\/\" data-page=\"1\" class=\"pagination-link dp-dfg-page\">1<\/a><\/li><li class=\"pagination-item\"><a href=\"\/pt-br\/wp-json\/wp\/v2\/s\/3576\/page\/2\/\" data-page=\"2\" class=\"pagination-link dp-dfg-page\">2<\/a><\/li><li class=\"pagination-item\"><a href=\"\/pt-br\/wp-json\/wp\/v2\/s\/3576\/page\/3\/\" data-page=\"3\" class=\"pagination-link dp-dfg-page\">3<\/a><\/li><li class=\"pagination-item dp-dfg-hide\"><a href=\"\/pt-br\/wp-json\/wp\/v2\/s\/3576\/page\/4\/\" data-page=\"4\" class=\"pagination-link dp-dfg-page\">4<\/a><\/li><li class=\"pagination-item dp-dfg-hide\"><a href=\"\/pt-br\/wp-json\/wp\/v2\/s\/3576\/page\/5\/\" data-page=\"5\" class=\"pagination-link dp-dfg-page\">5<\/a><\/li><li class=\"pagination-item next-posts dp-dfg-direction \"><a href=\"\/pt-br\/wp-json\/wp\/v2\/s\/3576\/page\/2\/\" data-page=\"2\" class=\"pagination-link\">  <span class=\"et-pb-icon\">&#x24;<\/span><\/a><\/li><\/ul><\/div><!-- DPDFG End Pagination Container --><\/div><!-- DPDFG End Main Container -->\n\t\t\t\t<\/div>\n\t\t\t<\/div><\/p>\n","protected":false},"author":1,"featured_media":2613,"parent":0,"menu_order":0,"comment_status":"closed","ping_status":"closed","template":"","meta":{"_acf_changed":false,"_et_pb_use_builder":"on","_et_pb_old_content":"","_et_gb_content_width":"","content-type":"","inline_featured_image":false,"footnotes":""},"class_list":["post-3576","page","type-page","status-publish","has-post-thumbnail","hentry"],"acf":[],"yoast_head":"<!-- This site is optimized with the Yoast SEO Premium plugin v27.4 (Yoast SEO v27.5) - https:\/\/yoast.com\/product\/yoast-seo-premium-wordpress\/ -->\n<title>Eventos - Minders<\/title>\n<meta name=\"robots\" content=\"index, follow, max-snippet:-1, max-image-preview:large, max-video-preview:-1\" \/>\n<link rel=\"canonical\" href=\"https:\/\/minders.io\/events\/\" \/>\n<meta property=\"og:locale\" content=\"pt_BR\" \/>\n<meta property=\"og:type\" content=\"article\" \/>\n<meta property=\"og:title\" content=\"Eventos\" \/>\n<meta property=\"og:description\" content=\"Descubra onde voc\u00ea pode se conectar conosco em eventos do setor, confer\u00eancias e muito mais. Gostar\u00edamos muito de ver voc\u00ea l\u00e1!\" \/>\n<meta property=\"og:url\" content=\"https:\/\/minders.io\/events\/\" \/>\n<meta property=\"og:site_name\" content=\"Minders\" \/>\n<meta property=\"article:modified_time\" content=\"2026-01-26T15:21:27+00:00\" \/>\n<meta property=\"og:image\" content=\"https:\/\/minders.io\/wp-content\/uploads\/2025\/03\/minders-default-image-2.png\" \/>\n\t<meta property=\"og:image:width\" content=\"1200\" \/>\n\t<meta property=\"og:image:height\" content=\"628\" \/>\n\t<meta property=\"og:image:type\" content=\"image\/png\" \/>\n<meta name=\"twitter:card\" content=\"summary_large_image\" \/>\n<meta name=\"twitter:label1\" content=\"Est. tempo de leitura\" \/>\n\t<meta name=\"twitter:data1\" content=\"3 minutos\" \/>\n<script type=\"application\/ld+json\" class=\"yoast-schema-graph\">{\"@context\":\"https:\\\/\\\/schema.org\",\"@graph\":[{\"@type\":\"WebPage\",\"@id\":\"https:\\\/\\\/minders.io\\\/events\\\/\",\"url\":\"https:\\\/\\\/minders.io\\\/events\\\/\",\"name\":\"Eventos - Minders\",\"isPartOf\":{\"@id\":\"https:\\\/\\\/minders.io\\\/#website\"},\"primaryImageOfPage\":{\"@id\":\"https:\\\/\\\/minders.io\\\/events\\\/#primaryimage\"},\"image\":{\"@id\":\"https:\\\/\\\/minders.io\\\/events\\\/#primaryimage\"},\"thumbnailUrl\":\"https:\\\/\\\/minders.io\\\/wp-content\\\/uploads\\\/2025\\\/03\\\/minders-default-image-2.png\",\"datePublished\":\"2025-01-17T16:56:01+00:00\",\"dateModified\":\"2026-01-26T15:21:27+00:00\",\"breadcrumb\":{\"@id\":\"https:\\\/\\\/minders.io\\\/events\\\/#breadcrumb\"},\"inLanguage\":\"pt-BR\",\"potentialAction\":[{\"@type\":\"ReadAction\",\"target\":[\"https:\\\/\\\/minders.io\\\/events\\\/\"]}]},{\"@type\":\"ImageObject\",\"inLanguage\":\"pt-BR\",\"@id\":\"https:\\\/\\\/minders.io\\\/events\\\/#primaryimage\",\"url\":\"https:\\\/\\\/minders.io\\\/wp-content\\\/uploads\\\/2025\\\/03\\\/minders-default-image-2.png\",\"contentUrl\":\"https:\\\/\\\/minders.io\\\/wp-content\\\/uploads\\\/2025\\\/03\\\/minders-default-image-2.png\",\"width\":1200,\"height\":628,\"caption\":\"Minders logo and brand stickers\"},{\"@type\":\"BreadcrumbList\",\"@id\":\"https:\\\/\\\/minders.io\\\/events\\\/#breadcrumb\",\"itemListElement\":[{\"@type\":\"ListItem\",\"position\":1,\"name\":\"Portada\",\"item\":\"https:\\\/\\\/minders.io\\\/\"},{\"@type\":\"ListItem\",\"position\":2,\"name\":\"Eventos\"}]},{\"@type\":\"WebSite\",\"@id\":\"https:\\\/\\\/minders.io\\\/#website\",\"url\":\"https:\\\/\\\/minders.io\\\/\",\"name\":\"Minders\",\"description\":\"\",\"potentialAction\":[{\"@type\":\"SearchAction\",\"target\":{\"@type\":\"EntryPoint\",\"urlTemplate\":\"https:\\\/\\\/minders.io\\\/?s={search_term_string}\"},\"query-input\":{\"@type\":\"PropertyValueSpecification\",\"valueRequired\":true,\"valueName\":\"search_term_string\"}}],\"inLanguage\":\"pt-BR\"}]}<\/script>\n<!-- \/ Yoast SEO Premium plugin. -->","yoast_head_json":{"title":"Eventos - Minders","robots":{"index":"index","follow":"follow","max-snippet":"max-snippet:-1","max-image-preview":"max-image-preview:large","max-video-preview":"max-video-preview:-1"},"canonical":"https:\/\/minders.io\/events\/","og_locale":"pt_BR","og_type":"article","og_title":"Eventos","og_description":"Descubra onde voc\u00ea pode se conectar conosco em eventos do setor, confer\u00eancias e muito mais. Gostar\u00edamos muito de ver voc\u00ea l\u00e1!","og_url":"https:\/\/minders.io\/events\/","og_site_name":"Minders","article_modified_time":"2026-01-26T15:21:27+00:00","og_image":[{"width":1200,"height":628,"url":"https:\/\/minders.io\/wp-content\/uploads\/2025\/03\/minders-default-image-2.png","type":"image\/png"}],"twitter_card":"summary_large_image","twitter_misc":{"Est. tempo de leitura":"3 minutos"},"schema":{"@context":"https:\/\/schema.org","@graph":[{"@type":"WebPage","@id":"https:\/\/minders.io\/events\/","url":"https:\/\/minders.io\/events\/","name":"Eventos - Minders","isPartOf":{"@id":"https:\/\/minders.io\/#website"},"primaryImageOfPage":{"@id":"https:\/\/minders.io\/events\/#primaryimage"},"image":{"@id":"https:\/\/minders.io\/events\/#primaryimage"},"thumbnailUrl":"https:\/\/minders.io\/wp-content\/uploads\/2025\/03\/minders-default-image-2.png","datePublished":"2025-01-17T16:56:01+00:00","dateModified":"2026-01-26T15:21:27+00:00","breadcrumb":{"@id":"https:\/\/minders.io\/events\/#breadcrumb"},"inLanguage":"pt-BR","potentialAction":[{"@type":"ReadAction","target":["https:\/\/minders.io\/events\/"]}]},{"@type":"ImageObject","inLanguage":"pt-BR","@id":"https:\/\/minders.io\/events\/#primaryimage","url":"https:\/\/minders.io\/wp-content\/uploads\/2025\/03\/minders-default-image-2.png","contentUrl":"https:\/\/minders.io\/wp-content\/uploads\/2025\/03\/minders-default-image-2.png","width":1200,"height":628,"caption":"Minders logo and brand stickers"},{"@type":"BreadcrumbList","@id":"https:\/\/minders.io\/events\/#breadcrumb","itemListElement":[{"@type":"ListItem","position":1,"name":"Portada","item":"https:\/\/minders.io\/"},{"@type":"ListItem","position":2,"name":"Eventos"}]},{"@type":"WebSite","@id":"https:\/\/minders.io\/#website","url":"https:\/\/minders.io\/","name":"Minders","description":"","potentialAction":[{"@type":"SearchAction","target":{"@type":"EntryPoint","urlTemplate":"https:\/\/minders.io\/?s={search_term_string}"},"query-input":{"@type":"PropertyValueSpecification","valueRequired":true,"valueName":"search_term_string"}}],"inLanguage":"pt-BR"}]}},"_links":{"self":[{"href":"https:\/\/minders.io\/pt-br\/wp-json\/wp\/v2\/pages\/3576","targetHints":{"allow":["GET"]}}],"collection":[{"href":"https:\/\/minders.io\/pt-br\/wp-json\/wp\/v2\/pages"}],"about":[{"href":"https:\/\/minders.io\/pt-br\/wp-json\/wp\/v2\/types\/page"}],"author":[{"embeddable":true,"href":"https:\/\/minders.io\/pt-br\/wp-json\/wp\/v2\/users\/1"}],"replies":[{"embeddable":true,"href":"https:\/\/minders.io\/pt-br\/wp-json\/wp\/v2\/comments?post=3576"}],"version-history":[{"count":8,"href":"https:\/\/minders.io\/pt-br\/wp-json\/wp\/v2\/pages\/3576\/revisions"}],"predecessor-version":[{"id":6848,"href":"https:\/\/minders.io\/pt-br\/wp-json\/wp\/v2\/pages\/3576\/revisions\/6848"}],"wp:featuredmedia":[{"embeddable":true,"href":"https:\/\/minders.io\/pt-br\/wp-json\/wp\/v2\/media\/2613"}],"wp:attachment":[{"href":"https:\/\/minders.io\/pt-br\/wp-json\/wp\/v2\/media?parent=3576"}],"curies":[{"name":"wp","href":"https:\/\/api.w.org\/{rel}","templated":true}]}}