{"id":3590,"date":"2025-01-16T10:39:25","date_gmt":"2025-01-16T13:39:25","guid":{"rendered":"https:\/\/minders.io\/carreiras\/"},"modified":"2025-08-07T04:06:06","modified_gmt":"2025-08-07T07:06:06","slug":"carreiras","status":"publish","type":"page","link":"https:\/\/minders.io\/pt-br\/carreiras\/","title":{"rendered":"Carreiras"},"content":{"rendered":"<p>[et_pb_section fb_built=&#8221;1&#8243; admin_label=&#8221;c-hero&#8221; module_class=&#8221;c-careers-hero o-bg-negro js-c-hero&#8221; _builder_version=&#8221;4.25.1&#8243; _module_preset=&#8221;default&#8221; collapsed=&#8221;on&#8221; global_colors_info=&#8221;{}&#8221;][et_pb_row admin_label=&#8221;formas c&#8221; module_class=&#8221;c-shapes&#8221; _builder_version=&#8221;4.25.1&#8243; _module_preset=&#8221;default&#8221; locked=&#8221;off&#8221; collapsed=&#8221;on&#8221; global_colors_info=&#8221;{}&#8221;][et_pb_column type=&#8221;4_4&#8243; module_class=&#8221;c-shapes__col&#8221; admin_label=&#8221;c-shapes__col&#8221; _builder_version=&#8221;4.25.1&#8243; _module_preset=&#8221;default&#8221; global_colors_info=&#8221;{}&#8221;][et_pb_image src=&#8221;https:\/\/minders.io\/wp-content\/uploads\/2025\/01\/minders-shape-1.svg&#8221; alt=&#8221;Forma de Minders&#8221; title_text=&#8221;Forma de Minders&#8221; admin_label=&#8221;c-shapes__shape&#8221; module_class=&#8221;c-careers-hero__shape c-shapes__shape&#8221; _builder_version=&#8221;4.25.1&#8243; _module_preset=&#8221;default&#8221; global_colors_info=&#8221;{}&#8221;][\/et_pb_image][\/et_pb_column][\/et_pb_row][et_pb_row admin_label=&#8221;c-carreiras-her\u00f3i__linha&#8221; module_class=&#8221;c-careers-hero__row&#8221; _builder_version=&#8221;4.25.1&#8243; _module_preset=&#8221;default&#8221; collapsed=&#8221;on&#8221; global_colors_info=&#8221;{}&#8221;][et_pb_column type=&#8221;4_4&#8243; module_class=&#8221;c-careers-hero__col&#8221; admin_label=&#8221;c-carreiras-her\u00f3i__col&#8221; _builder_version=&#8221;4.25.1&#8243; _module_preset=&#8221;default&#8221; global_colors_info=&#8221;{}&#8221;][et_pb_heading title=&#8221;@ET-DC@eyJkeW5hbWljIjp0cnVlLCJjb250ZW50IjoicG9zdF90aXRsZSIsInNldHRpbmdzIjp7ImJlZm9yZSI6IiIsImFmdGVyIjoiIn19@&#8221; admin_label=&#8221;c-careers-hero__title&#8221; module_class=&#8221;c-careers-hero__title o-color-blanco o-font-h1&#8243; _builder_version=&#8221;4.25.1&#8243; _dynamic_attributes=&#8221;title&#8221; _module_preset=&#8221;default&#8221; title_font=&#8221;Inter|600|||||||&#8221; global_colors_info=&#8221;{}&#8221;][\/et_pb_heading][et_pb_text admin_label=&#8221;c-careers-hero__sub-title&#8221; module_class=&#8221;c-careers-hero__sub-title  o-color-blanco o-font-h3&#8243; _builder_version=&#8221;4.25.1&#8243; _module_preset=&#8221;default&#8221; locked=&#8221;off&#8221; global_colors_info=&#8221;{}&#8221;]<\/p>\n<p>N\u00f3s somos as pessoas que se importam.<\/p>\n<p>[\/et_pb_text][et_pb_text admin_label=&#8221;c-careers-hero__text&#8221; module_class=&#8221;c-careers-hero__text o-color-blanco o-font-destacado&#8221; _builder_version=&#8221;4.25.1&#8243; _module_preset=&#8221;default&#8221; global_colors_info=&#8221;{}&#8221;]<\/p>\n<p>Voc\u00ea tem uma mentalidade de crescimento e gosta de aprender continuamente? Voc\u00ea se sente motivado por trabalhar em equipe para resolver problemas e criar solu\u00e7\u00f5es inovadoras? Na Minders, valorizamos pessoas que desejam crescer profissionalmente e fazer uma diferen\u00e7a real no setor.  <\/p>\n<p>[\/et_pb_text][\/et_pb_column][\/et_pb_row][\/et_pb_section][et_pb_section fb_built=&#8221;1&#8243; disabled_on=&#8221;off|off|off&#8221; admin_label=&#8221;c-careers-jobs&#8221; module_class=&#8221;c-careers-jobs o-bg-negro&#8221; _builder_version=&#8221;4.27.4&#8243; _module_preset=&#8221;default&#8221; min_height=&#8221;100vh&#8221; custom_css_free_form=&#8221;.c-careers-jobs{||  position: relative;||  z-index: 3;||  padding-top: 0px !important;||  overflow: visible;||}&#8221; collapsed=&#8221;on&#8221; global_colors_info=&#8221;{}&#8221; locked=&#8221;off&#8221;][et_pb_row admin_label=&#8221;c-shapes&#8221; module_class=&#8221;c-shapes c-shapes&#8211;section&#8221; _builder_version=&#8221;4.25.1&#8243; _module_preset=&#8221;default&#8221; locked=&#8221;off&#8221; collapsed=&#8221;off&#8221; global_colors_info=&#8221;{}&#8221;][et_pb_column type=&#8221;4_4&#8243; module_class=&#8221;c-shapes__col&#8221; admin_label=&#8221;c-shapes__col&#8221; _builder_version=&#8221;4.25.1&#8243; _module_preset=&#8221;default&#8221; global_colors_info=&#8221;{}&#8221;][et_pb_image src=&#8221;https:\/\/minders.io\/wp-content\/uploads\/2025\/01\/minders-shape-7.svg&#8221; alt=&#8221;Minders shape&#8221; title_text=&#8221;Minders shape&#8221; admin_label=&#8221;c-shapes__shape&#8221; module_class=&#8221;c-careers-jobs__shape-1 c-shapes__shape&#8221; _builder_version=&#8221;4.27.4&#8243; _module_preset=&#8221;default&#8221; global_colors_info=&#8221;{}&#8221;][\/et_pb_image][et_pb_image src=&#8221;https:\/\/minders.io\/wp-content\/uploads\/2025\/03\/shape-marquesina.svg&#8221; alt=&#8221;Minders Shape&#8221; title_text=&#8221;shape-marquesina&#8221; admin_label=&#8221;c-shapes__shape&#8221; module_class=&#8221;c-careers-jobs__shape-2 c-shapes__shape&#8221; _builder_version=&#8221;4.27.4&#8243; _module_preset=&#8221;default&#8221; global_colors_info=&#8221;{}&#8221;][\/et_pb_image][\/et_pb_column][\/et_pb_row][et_pb_row admin_label=&#8221;c-careers-jobs__row&#8221; module_class=&#8221;c-careers-jobs__row&#8221; _builder_version=&#8221;4.25.1&#8243; _module_preset=&#8221;default&#8221; collapsed=&#8221;off&#8221; global_colors_info=&#8221;{}&#8221;][et_pb_column type=&#8221;4_4&#8243; module_class=&#8221;c-careers-jobs__col&#8221; admin_label=&#8221;c-careers-jobs__col&#8221; _builder_version=&#8221;4.25.1&#8243; _module_preset=&#8221;default&#8221; global_colors_info=&#8221;{}&#8221;][et_pb_code module_class=&#8221;mod-lever&#8221; _builder_version=&#8221;4.27.4&#8243; _module_preset=&#8221;default&#8221; custom_css_free_form=&#8221;.mod-lever{||    border-radius: 6vw 6vw 6vw 6vw;||  background-color:var(&#8211;color-negro-alt&#8211;60);  ||  backdrop-filter: blur(var(&#8211;blur));||  padding: 5vw;||  width: 100%;||}||||.mod-lever #lever-jobs-container .lever-job::after {||    content: %22\ue800%22;||    display: block;||    font-family: minders-icons;||    font-size: 16px;||    text-align: end;||    transition: var(&#8211;transition-quick);||    position: absolute;||  \tright: 0px ;||  \ttop: 50%;||  transform: translateY(-50%);||  padding-right: 16px;||  color: var(&#8211;color-blanco)||}||||.mod-lever #lever-jobs-container .lever-job:hover::after{||  color: var(&#8211;color-negro);||}||||.mod-lever #lever-jobs-container .lever-job:hover{||  background-color: var(&#8211;color-blanco);||}||||.mod-lever #lever-jobs-container .lever-job:hover .lever-job-title, .mod-lever #lever-jobs-container .lever-job:hover .lever-job-tag{||  color: var(&#8211;color-negro);||}||||.mod-lever #lever-jobs-container .lever-job .lever-job-title{||    font-weight: 600;||    letter-spacing: 0;||    line-height: 1.2em;||    color:#F2F2F2;||  \ttext-decoration:none;||    font-family: &#8216;Inter&#8217;;||\t\tmargin-bottom: 0;||   transition: var(&#8211;transition-quick);||}||||.mod-lever #lever-jobs-container .lever-team-title{|| \t\tfont-size: 25px;||    font-weight: 600;||    letter-spacing: 0;||    line-height: 1.2em;||    color:#F2F2F2;||  \ttext-decoration:none;||    font-family: &#8216;Inter&#8217;; ||\tpadding-bottom: 14px;||    padding-top: 40px;||}||.mod-lever #lever-jobs-container li.lever-job {||    padding: 14px 16px;||    border-top: 1px var(&#8211;color-blanco&#8211;40) solid;||    transition: var(&#8211;transition-quick);||    position: relative;||    padding-left: 16px;||}||.mod-lever #lever-jobs-container .lever-team ul .lever-job:last-child{||  border-bottom: 1px var(&#8211;color-blanco&#8211;40) solid;||}||.mod-lever #lever-jobs-container .lever-job .lever-job-tag{||    color:#F2F2F2;||  \ttext-decoration:none;||\t\tfont-weight: 400;||\t\tfont-size: 12px;||  \tpadding-top: 8px;||\t\tline-height: 140%;||\t\ttext-transform: uppercase;||   font-family: Roboto Mono;||  transition: var(&#8211;transition-quick);||}||||@media (min-width: 724px) {||  .mod-lever #lever-jobs-container .lever-job .lever-job-title{||          font-size: 18px;||  }||  .mod-lever #lever-jobs-container .lever-job .lever-job-tag{||      font-size: 14px;||  }||\t.mod-lever #lever-jobs-container .lever-team-title{||    font-size:24px;||  }||  .mod-lever #lever-jobs-container .lever-job::after {||    font-size: 22px;||\t}||}||||@media (min-width: 1191px) {||.mod-lever #lever-jobs-container .lever-job .lever-job-title {||        font-size: 1.25vw;||    }||.mod-lever #lever-jobs-container .lever-team-title{||  font-size: 1.70vw!important;||  }||}&#8221; global_colors_info=&#8221;{}&#8221;]<\/p>\n<div id='lever-jobs-container'><\/div>\n<p><!-- [et_pb_line_break_holder] --><script type='text\/javascript'><!-- [et_pb_line_break_holder] -->window.leverJobsOptions = {<!-- [et_pb_line_break_holder] -->accountName: 'minders', <!-- [et_pb_line_break_holder] -->includeCss: true};<!-- [et_pb_line_break_holder] --><\/script><!-- [et_pb_line_break_holder] --><script type='text\/javascript' src='https:\/\/andreasmb.github.io\/lever-jobs-embed\/index.js'><\/script><!-- [et_pb_line_break_holder] -->[\/et_pb_code][\/et_pb_column][\/et_pb_row][\/et_pb_section]<\/p>\n","protected":false},"excerpt":{"rendered":"<p>N\u00f3s somos as pessoas que se importam.Voc\u00ea tem uma mentalidade de crescimento e gosta de aprender continuamente? Voc\u00ea se sente motivado por trabalhar em equipe para resolver problemas e criar solu\u00e7\u00f5es inovadoras? Na Minders, valorizamos pessoas que desejam crescer profissionalmente e fazer uma diferen\u00e7a real no setor.<\/p>\n","protected":false},"author":1,"featured_media":2613,"parent":0,"menu_order":0,"comment_status":"closed","ping_status":"closed","template":"","meta":{"_acf_changed":false,"_et_pb_use_builder":"on","_et_pb_old_content":"","_et_gb_content_width":"","content-type":"","inline_featured_image":false,"footnotes":""},"class_list":["post-3590","page","type-page","status-publish","has-post-thumbnail","hentry"],"acf":[],"yoast_head":"<!-- This site is optimized with the Yoast SEO Premium plugin v27.4 (Yoast SEO v27.5) - https:\/\/yoast.com\/product\/yoast-seo-premium-wordpress\/ -->\n<title>Carreiras - Minders<\/title>\n<meta name=\"robots\" content=\"index, follow, max-snippet:-1, max-image-preview:large, max-video-preview:-1\" \/>\n<link rel=\"canonical\" href=\"https:\/\/minders.io\/pt-br\/carreiras\/\" \/>\n<meta property=\"og:locale\" content=\"pt_BR\" \/>\n<meta property=\"og:type\" content=\"article\" \/>\n<meta property=\"og:title\" content=\"Carreiras\" \/>\n<meta property=\"og:description\" content=\"N\u00f3s somos as pessoas que se importam.Voc\u00ea tem uma mentalidade de crescimento e gosta de aprender continuamente? Voc\u00ea se sente motivado por trabalhar em equipe para resolver problemas e criar solu\u00e7\u00f5es inovadoras? Na Minders, valorizamos pessoas que desejam crescer profissionalmente e fazer uma diferen\u00e7a real no setor.\" \/>\n<meta property=\"og:url\" content=\"https:\/\/minders.io\/pt-br\/carreiras\/\" \/>\n<meta property=\"og:site_name\" content=\"Minders\" \/>\n<meta property=\"article:modified_time\" content=\"2025-08-07T07:06:06+00:00\" \/>\n<meta property=\"og:image\" content=\"https:\/\/minders.io\/wp-content\/uploads\/2025\/03\/minders-default-image-2.png\" \/>\n\t<meta property=\"og:image:width\" content=\"1200\" \/>\n\t<meta property=\"og:image:height\" content=\"628\" \/>\n\t<meta property=\"og:image:type\" content=\"image\/png\" \/>\n<meta name=\"twitter:card\" content=\"summary_large_image\" \/>\n<meta name=\"twitter:label1\" content=\"Est. tempo de leitura\" \/>\n\t<meta name=\"twitter:data1\" content=\"2 minutos\" \/>\n<script type=\"application\/ld+json\" class=\"yoast-schema-graph\">{\"@context\":\"https:\\\/\\\/schema.org\",\"@graph\":[{\"@type\":\"WebPage\",\"@id\":\"https:\\\/\\\/minders.io\\\/pt-br\\\/carreiras\\\/\",\"url\":\"https:\\\/\\\/minders.io\\\/pt-br\\\/carreiras\\\/\",\"name\":\"Carreiras - Minders\",\"isPartOf\":{\"@id\":\"https:\\\/\\\/minders.io\\\/#website\"},\"primaryImageOfPage\":{\"@id\":\"https:\\\/\\\/minders.io\\\/pt-br\\\/carreiras\\\/#primaryimage\"},\"image\":{\"@id\":\"https:\\\/\\\/minders.io\\\/pt-br\\\/carreiras\\\/#primaryimage\"},\"thumbnailUrl\":\"https:\\\/\\\/minders.io\\\/wp-content\\\/uploads\\\/2025\\\/03\\\/minders-default-image-2.png\",\"datePublished\":\"2025-01-16T13:39:25+00:00\",\"dateModified\":\"2025-08-07T07:06:06+00:00\",\"breadcrumb\":{\"@id\":\"https:\\\/\\\/minders.io\\\/pt-br\\\/carreiras\\\/#breadcrumb\"},\"inLanguage\":\"pt-BR\",\"potentialAction\":[{\"@type\":\"ReadAction\",\"target\":[\"https:\\\/\\\/minders.io\\\/pt-br\\\/carreiras\\\/\"]}]},{\"@type\":\"ImageObject\",\"inLanguage\":\"pt-BR\",\"@id\":\"https:\\\/\\\/minders.io\\\/pt-br\\\/carreiras\\\/#primaryimage\",\"url\":\"https:\\\/\\\/minders.io\\\/wp-content\\\/uploads\\\/2025\\\/03\\\/minders-default-image-2.png\",\"contentUrl\":\"https:\\\/\\\/minders.io\\\/wp-content\\\/uploads\\\/2025\\\/03\\\/minders-default-image-2.png\",\"width\":1200,\"height\":628,\"caption\":\"Minders logo and brand stickers\"},{\"@type\":\"BreadcrumbList\",\"@id\":\"https:\\\/\\\/minders.io\\\/pt-br\\\/carreiras\\\/#breadcrumb\",\"itemListElement\":[{\"@type\":\"ListItem\",\"position\":1,\"name\":\"Portada\",\"item\":\"https:\\\/\\\/minders.io\\\/\"},{\"@type\":\"ListItem\",\"position\":2,\"name\":\"Carreiras\"}]},{\"@type\":\"WebSite\",\"@id\":\"https:\\\/\\\/minders.io\\\/#website\",\"url\":\"https:\\\/\\\/minders.io\\\/\",\"name\":\"Minders\",\"description\":\"\",\"potentialAction\":[{\"@type\":\"SearchAction\",\"target\":{\"@type\":\"EntryPoint\",\"urlTemplate\":\"https:\\\/\\\/minders.io\\\/?s={search_term_string}\"},\"query-input\":{\"@type\":\"PropertyValueSpecification\",\"valueRequired\":true,\"valueName\":\"search_term_string\"}}],\"inLanguage\":\"pt-BR\"}]}<\/script>\n<!-- \/ Yoast SEO Premium plugin. -->","yoast_head_json":{"title":"Carreiras - Minders","robots":{"index":"index","follow":"follow","max-snippet":"max-snippet:-1","max-image-preview":"max-image-preview:large","max-video-preview":"max-video-preview:-1"},"canonical":"https:\/\/minders.io\/pt-br\/carreiras\/","og_locale":"pt_BR","og_type":"article","og_title":"Carreiras","og_description":"N\u00f3s somos as pessoas que se importam.Voc\u00ea tem uma mentalidade de crescimento e gosta de aprender continuamente? Voc\u00ea se sente motivado por trabalhar em equipe para resolver problemas e criar solu\u00e7\u00f5es inovadoras? Na Minders, valorizamos pessoas que desejam crescer profissionalmente e fazer uma diferen\u00e7a real no setor.","og_url":"https:\/\/minders.io\/pt-br\/carreiras\/","og_site_name":"Minders","article_modified_time":"2025-08-07T07:06:06+00:00","og_image":[{"width":1200,"height":628,"url":"https:\/\/minders.io\/wp-content\/uploads\/2025\/03\/minders-default-image-2.png","type":"image\/png"}],"twitter_card":"summary_large_image","twitter_misc":{"Est. tempo de leitura":"2 minutos"},"schema":{"@context":"https:\/\/schema.org","@graph":[{"@type":"WebPage","@id":"https:\/\/minders.io\/pt-br\/carreiras\/","url":"https:\/\/minders.io\/pt-br\/carreiras\/","name":"Carreiras - Minders","isPartOf":{"@id":"https:\/\/minders.io\/#website"},"primaryImageOfPage":{"@id":"https:\/\/minders.io\/pt-br\/carreiras\/#primaryimage"},"image":{"@id":"https:\/\/minders.io\/pt-br\/carreiras\/#primaryimage"},"thumbnailUrl":"https:\/\/minders.io\/wp-content\/uploads\/2025\/03\/minders-default-image-2.png","datePublished":"2025-01-16T13:39:25+00:00","dateModified":"2025-08-07T07:06:06+00:00","breadcrumb":{"@id":"https:\/\/minders.io\/pt-br\/carreiras\/#breadcrumb"},"inLanguage":"pt-BR","potentialAction":[{"@type":"ReadAction","target":["https:\/\/minders.io\/pt-br\/carreiras\/"]}]},{"@type":"ImageObject","inLanguage":"pt-BR","@id":"https:\/\/minders.io\/pt-br\/carreiras\/#primaryimage","url":"https:\/\/minders.io\/wp-content\/uploads\/2025\/03\/minders-default-image-2.png","contentUrl":"https:\/\/minders.io\/wp-content\/uploads\/2025\/03\/minders-default-image-2.png","width":1200,"height":628,"caption":"Minders logo and brand stickers"},{"@type":"BreadcrumbList","@id":"https:\/\/minders.io\/pt-br\/carreiras\/#breadcrumb","itemListElement":[{"@type":"ListItem","position":1,"name":"Portada","item":"https:\/\/minders.io\/"},{"@type":"ListItem","position":2,"name":"Carreiras"}]},{"@type":"WebSite","@id":"https:\/\/minders.io\/#website","url":"https:\/\/minders.io\/","name":"Minders","description":"","potentialAction":[{"@type":"SearchAction","target":{"@type":"EntryPoint","urlTemplate":"https:\/\/minders.io\/?s={search_term_string}"},"query-input":{"@type":"PropertyValueSpecification","valueRequired":true,"valueName":"search_term_string"}}],"inLanguage":"pt-BR"}]}},"_links":{"self":[{"href":"https:\/\/minders.io\/pt-br\/wp-json\/wp\/v2\/pages\/3590","targetHints":{"allow":["GET"]}}],"collection":[{"href":"https:\/\/minders.io\/pt-br\/wp-json\/wp\/v2\/pages"}],"about":[{"href":"https:\/\/minders.io\/pt-br\/wp-json\/wp\/v2\/types\/page"}],"author":[{"embeddable":true,"href":"https:\/\/minders.io\/pt-br\/wp-json\/wp\/v2\/users\/1"}],"replies":[{"embeddable":true,"href":"https:\/\/minders.io\/pt-br\/wp-json\/wp\/v2\/comments?post=3590"}],"version-history":[{"count":11,"href":"https:\/\/minders.io\/pt-br\/wp-json\/wp\/v2\/pages\/3590\/revisions"}],"predecessor-version":[{"id":4596,"href":"https:\/\/minders.io\/pt-br\/wp-json\/wp\/v2\/pages\/3590\/revisions\/4596"}],"wp:featuredmedia":[{"embeddable":true,"href":"https:\/\/minders.io\/pt-br\/wp-json\/wp\/v2\/media\/2613"}],"wp:attachment":[{"href":"https:\/\/minders.io\/pt-br\/wp-json\/wp\/v2\/media?parent=3590"}],"curies":[{"name":"wp","href":"https:\/\/api.w.org\/{rel}","templated":true}]}}